{"id":2179,"date":"2025-02-03T10:17:01","date_gmt":"2025-02-03T07:17:01","guid":{"rendered":"https:\/\/aslitarcanglobal.com\/about\/"},"modified":"2026-03-26T11:34:56","modified_gmt":"2026-03-26T08:34:56","slug":"ueber-uns","status":"publish","type":"page","link":"https:\/\/aslitarcanglobal.com\/de\/ueber-uns\/","title":{"rendered":"\u00dcber uns"},"content":{"rendered":"\n\t\t<style type=\"text\/css\">\n\t\t\t#gallery-1 {\n\t\t\t\tmargin: auto;\n\t\t\t}\n\t\t\t#gallery-1 .gallery-item {\n\t\t\t\tfloat: left;\n\t\t\t\tmargin-top: 10px;\n\t\t\t\ttext-align: center;\n\t\t\t\twidth: 33%;\n\t\t\t}\n\t\t\t#gallery-1 img {\n\t\t\t\tborder: 2px solid #cfcfcf;\n\t\t\t}\n\t\t\t#gallery-1 .gallery-caption {\n\t\t\t\tmargin-left: 0;\n\t\t\t}\n\t\t\t\/* see gallery_shortcode() in wp-includes\/media.php *\/\n\t\t<\/style>\n\t\t<div id='gallery-1' class='gallery galleryid-2179 gallery-columns-3 gallery-size-large'><dl class='gallery-item'>\n\t\t\t<dt class='gallery-icon landscape'>\n\t\t\t\t<a href='https:\/\/aslitarcanglobal.com\/wp-content\/uploads\/2026\/03\/sdfsdf-scaled_2026-3.webp'><img loading=\"lazy\" decoding=\"async\" width=\"1024\" height=\"768\" src=\"https:\/\/aslitarcanglobal.com\/wp-content\/uploads\/2026\/03\/sdfsdf-scaled_2026-3-1024x768.webp\" class=\"attachment-large size-large\" alt=\"\" srcset=\"https:\/\/aslitarcanglobal.com\/wp-content\/uploads\/2026\/03\/sdfsdf-scaled_2026-3-1024x768.webp 1024w, https:\/\/aslitarcanglobal.com\/wp-content\/uploads\/2026\/03\/sdfsdf-scaled_2026-3-300x225.webp 300w, https:\/\/aslitarcanglobal.com\/wp-content\/uploads\/2026\/03\/sdfsdf-scaled_2026-3-768x576.webp 768w, https:\/\/aslitarcanglobal.com\/wp-content\/uploads\/2026\/03\/sdfsdf-scaled_2026-3-1536x1152.webp 1536w, https:\/\/aslitarcanglobal.com\/wp-content\/uploads\/2026\/03\/sdfsdf-scaled_2026-3-2048x1536.webp 2048w\" sizes=\"auto, (max-width: 1024px) 100vw, 1024px\" title=\"\"><\/a>\n\t\t\t<\/dt><\/dl><dl class='gallery-item'>\n\t\t\t<dt class='gallery-icon landscape'>\n\t\t\t\t<a href='https:\/\/aslitarcanglobal.com\/wp-content\/uploads\/2026\/03\/dfgdfg-scaled_2026-3.webp'><img loading=\"lazy\" decoding=\"async\" width=\"1024\" height=\"768\" src=\"https:\/\/aslitarcanglobal.com\/wp-content\/uploads\/2026\/03\/dfgdfg-scaled_2026-3-1024x768.webp\" class=\"attachment-large size-large\" alt=\"\" srcset=\"https:\/\/aslitarcanglobal.com\/wp-content\/uploads\/2026\/03\/dfgdfg-scaled_2026-3-1024x768.webp 1024w, https:\/\/aslitarcanglobal.com\/wp-content\/uploads\/2026\/03\/dfgdfg-scaled_2026-3-300x225.webp 300w, https:\/\/aslitarcanglobal.com\/wp-content\/uploads\/2026\/03\/dfgdfg-scaled_2026-3-768x576.webp 768w, https:\/\/aslitarcanglobal.com\/wp-content\/uploads\/2026\/03\/dfgdfg-scaled_2026-3-1536x1152.webp 1536w, https:\/\/aslitarcanglobal.com\/wp-content\/uploads\/2026\/03\/dfgdfg-scaled_2026-3-2048x1536.webp 2048w\" sizes=\"auto, (max-width: 1024px) 100vw, 1024px\" title=\"\"><\/a>\n\t\t\t<\/dt><\/dl><dl class='gallery-item'>\n\t\t\t<dt class='gallery-icon landscape'>\n\t\t\t\t<a href='https:\/\/aslitarcanglobal.com\/wp-content\/uploads\/2026\/03\/er-scaled_2026-3.webp'><img loading=\"lazy\" decoding=\"async\" width=\"1024\" height=\"768\" src=\"https:\/\/aslitarcanglobal.com\/wp-content\/uploads\/2026\/03\/er-scaled_2026-3-1024x768.webp\" class=\"attachment-large size-large\" alt=\"\" srcset=\"https:\/\/aslitarcanglobal.com\/wp-content\/uploads\/2026\/03\/er-scaled_2026-3-1024x768.webp 1024w, https:\/\/aslitarcanglobal.com\/wp-content\/uploads\/2026\/03\/er-scaled_2026-3-300x225.webp 300w, https:\/\/aslitarcanglobal.com\/wp-content\/uploads\/2026\/03\/er-scaled_2026-3-768x576.webp 768w, https:\/\/aslitarcanglobal.com\/wp-content\/uploads\/2026\/03\/er-scaled_2026-3-1536x1152.webp 1536w, https:\/\/aslitarcanglobal.com\/wp-content\/uploads\/2026\/03\/er-scaled_2026-3-2048x1536.webp 2048w\" sizes=\"auto, (max-width: 1024px) 100vw, 1024px\" title=\"\"><\/a>\n\t\t\t<\/dt><\/dl><br style=\"clear: both\" \/><dl class='gallery-item'>\n\t\t\t<dt class='gallery-icon landscape'>\n\t\t\t\t<a href='https:\/\/aslitarcanglobal.com\/wp-content\/uploads\/2026\/03\/IMG_7925-scaled_2026-3.webp'><img loading=\"lazy\" decoding=\"async\" width=\"1024\" height=\"768\" src=\"https:\/\/aslitarcanglobal.com\/wp-content\/uploads\/2026\/03\/IMG_7925-scaled_2026-3-1024x768.webp\" class=\"attachment-large size-large\" alt=\"\" srcset=\"https:\/\/aslitarcanglobal.com\/wp-content\/uploads\/2026\/03\/IMG_7925-scaled_2026-3-1024x768.webp 1024w, https:\/\/aslitarcanglobal.com\/wp-content\/uploads\/2026\/03\/IMG_7925-scaled_2026-3-300x225.webp 300w, https:\/\/aslitarcanglobal.com\/wp-content\/uploads\/2026\/03\/IMG_7925-scaled_2026-3-768x576.webp 768w, https:\/\/aslitarcanglobal.com\/wp-content\/uploads\/2026\/03\/IMG_7925-scaled_2026-3-1536x1152.webp 1536w, https:\/\/aslitarcanglobal.com\/wp-content\/uploads\/2026\/03\/IMG_7925-scaled_2026-3-2048x1536.webp 2048w\" sizes=\"auto, (max-width: 1024px) 100vw, 1024px\" title=\"\"><\/a>\n\t\t\t<\/dt><\/dl><dl class='gallery-item'>\n\t\t\t<dt class='gallery-icon landscape'>\n\t\t\t\t<a href='https:\/\/aslitarcanglobal.com\/wp-content\/uploads\/2026\/03\/lkj-scaled_2026-3.webp'><img loading=\"lazy\" decoding=\"async\" width=\"1024\" height=\"768\" src=\"https:\/\/aslitarcanglobal.com\/wp-content\/uploads\/2026\/03\/lkj-scaled_2026-3-1024x768.webp\" class=\"attachment-large size-large\" alt=\"\" srcset=\"https:\/\/aslitarcanglobal.com\/wp-content\/uploads\/2026\/03\/lkj-scaled_2026-3-1024x768.webp 1024w, https:\/\/aslitarcanglobal.com\/wp-content\/uploads\/2026\/03\/lkj-scaled_2026-3-300x225.webp 300w, https:\/\/aslitarcanglobal.com\/wp-content\/uploads\/2026\/03\/lkj-scaled_2026-3-768x576.webp 768w, https:\/\/aslitarcanglobal.com\/wp-content\/uploads\/2026\/03\/lkj-scaled_2026-3-1536x1152.webp 1536w, https:\/\/aslitarcanglobal.com\/wp-content\/uploads\/2026\/03\/lkj-scaled_2026-3-2048x1536.webp 2048w\" sizes=\"auto, (max-width: 1024px) 100vw, 1024px\" title=\"\"><\/a>\n\t\t\t<\/dt><\/dl><dl class='gallery-item'>\n\t\t\t<dt class='gallery-icon landscape'>\n\t\t\t\t<a href='https:\/\/aslitarcanglobal.com\/wp-content\/uploads\/2026\/03\/qwer-scaled_2026-3.webp'><img loading=\"lazy\" decoding=\"async\" width=\"1024\" height=\"768\" src=\"https:\/\/aslitarcanglobal.com\/wp-content\/uploads\/2026\/03\/qwer-scaled_2026-3-1024x768.webp\" class=\"attachment-large size-large\" alt=\"\" srcset=\"https:\/\/aslitarcanglobal.com\/wp-content\/uploads\/2026\/03\/qwer-scaled_2026-3-1024x768.webp 1024w, https:\/\/aslitarcanglobal.com\/wp-content\/uploads\/2026\/03\/qwer-scaled_2026-3-300x225.webp 300w, https:\/\/aslitarcanglobal.com\/wp-content\/uploads\/2026\/03\/qwer-scaled_2026-3-768x576.webp 768w, https:\/\/aslitarcanglobal.com\/wp-content\/uploads\/2026\/03\/qwer-scaled_2026-3-1536x1152.webp 1536w, https:\/\/aslitarcanglobal.com\/wp-content\/uploads\/2026\/03\/qwer-scaled_2026-3-2048x1536.webp 2048w\" sizes=\"auto, (max-width: 1024px) 100vw, 1024px\" title=\"\"><\/a>\n\t\t\t<\/dt><\/dl><br style=\"clear: both\" \/><dl class='gallery-item'>\n\t\t\t<dt class='gallery-icon landscape'>\n\t\t\t\t<a href='https:\/\/aslitarcanglobal.com\/wp-content\/uploads\/2026\/03\/12-scaled_2026-3.webp'><img loading=\"lazy\" decoding=\"async\" width=\"1024\" height=\"768\" src=\"https:\/\/aslitarcanglobal.com\/wp-content\/uploads\/2026\/03\/12-scaled_2026-3-1024x768.webp\" class=\"attachment-large size-large\" alt=\"\" srcset=\"https:\/\/aslitarcanglobal.com\/wp-content\/uploads\/2026\/03\/12-scaled_2026-3-1024x768.webp 1024w, https:\/\/aslitarcanglobal.com\/wp-content\/uploads\/2026\/03\/12-scaled_2026-3-300x225.webp 300w, https:\/\/aslitarcanglobal.com\/wp-content\/uploads\/2026\/03\/12-scaled_2026-3-768x576.webp 768w, https:\/\/aslitarcanglobal.com\/wp-content\/uploads\/2026\/03\/12-scaled_2026-3-1536x1152.webp 1536w, https:\/\/aslitarcanglobal.com\/wp-content\/uploads\/2026\/03\/12-scaled_2026-3-2048x1536.webp 2048w\" sizes=\"auto, (max-width: 1024px) 100vw, 1024px\" title=\"\"><\/a>\n\t\t\t<\/dt><\/dl><dl class='gallery-item'>\n\t\t\t<dt class='gallery-icon landscape'>\n\t\t\t\t<a href='https:\/\/aslitarcanglobal.com\/wp-content\/uploads\/2026\/03\/123-scaled_2026-3.webp'><img loading=\"lazy\" decoding=\"async\" width=\"1024\" height=\"768\" src=\"https:\/\/aslitarcanglobal.com\/wp-content\/uploads\/2026\/03\/123-scaled_2026-3-1024x768.webp\" class=\"attachment-large size-large\" alt=\"\" srcset=\"https:\/\/aslitarcanglobal.com\/wp-content\/uploads\/2026\/03\/123-scaled_2026-3-1024x768.webp 1024w, https:\/\/aslitarcanglobal.com\/wp-content\/uploads\/2026\/03\/123-scaled_2026-3-300x225.webp 300w, https:\/\/aslitarcanglobal.com\/wp-content\/uploads\/2026\/03\/123-scaled_2026-3-768x576.webp 768w, https:\/\/aslitarcanglobal.com\/wp-content\/uploads\/2026\/03\/123-scaled_2026-3-1536x1152.webp 1536w, https:\/\/aslitarcanglobal.com\/wp-content\/uploads\/2026\/03\/123-scaled_2026-3-2048x1536.webp 2048w\" sizes=\"auto, (max-width: 1024px) 100vw, 1024px\" title=\"\"><\/a>\n\t\t\t<\/dt><\/dl><dl class='gallery-item'>\n\t\t\t<dt class='gallery-icon landscape'>\n\t\t\t\t<a href='https:\/\/aslitarcanglobal.com\/wp-content\/uploads\/2026\/03\/1234-scaled_2026-3.webp'><img loading=\"lazy\" decoding=\"async\" width=\"1024\" height=\"768\" src=\"https:\/\/aslitarcanglobal.com\/wp-content\/uploads\/2026\/03\/1234-scaled_2026-3-1024x768.webp\" class=\"attachment-large size-large\" alt=\"\" srcset=\"https:\/\/aslitarcanglobal.com\/wp-content\/uploads\/2026\/03\/1234-scaled_2026-3-1024x768.webp 1024w, https:\/\/aslitarcanglobal.com\/wp-content\/uploads\/2026\/03\/1234-scaled_2026-3-300x225.webp 300w, https:\/\/aslitarcanglobal.com\/wp-content\/uploads\/2026\/03\/1234-scaled_2026-3-768x576.webp 768w, https:\/\/aslitarcanglobal.com\/wp-content\/uploads\/2026\/03\/1234-scaled_2026-3-1536x1152.webp 1536w, https:\/\/aslitarcanglobal.com\/wp-content\/uploads\/2026\/03\/1234-scaled_2026-3-2048x1536.webp 2048w\" sizes=\"auto, (max-width: 1024px) 100vw, 1024px\" title=\"\"><\/a>\n\t\t\t<\/dt><\/dl><br style=\"clear: both\" \/>\n\t\t<\/div>\n\n<p>Die Marke Asl\u0131 Tarcan, die in vielen L\u00e4ndern, insbesondere in den Vereinigten Staaten von Amerika und in europ\u00e4ischen L\u00e4ndern, bevorzugt wird, ist stolz darauf, Ihnen den besten Service zu vermitteln. Wir bringen Ihnen auch die neuesten Technologieprodukte in Bereichen wie \u00e4sthetische und plastische Chirurgie, medizinische \u00c4sthetik, Haartransplantation und Zahn\u00e4sthetik n\u00e4her.<\/p>\n<p>Von uns angebotene Dienstleistungen: Operation, Unterbringung in 5-Sterne-Hotels, Transfers vom Flughafen zum Hotel und zum Inspektionszentrum.<\/p>\n<h2>Warum Asli Tarcan?<\/h2>\n<p>ASLI TARCAN HEALTH TOURISM SERVICES, das internationale Patienten aus der ganzen Welt, haupts\u00e4chlich aus Amerika, in die T\u00fcrkei transportiert, ist ein in Istanbul ans\u00e4ssiges Gesundheitstourismusunternehmen mit Mitgliedschaft bei TURSAB (Verband t\u00fcrkischer Reiseb\u00fcros) und Akkreditierung durch das Gesundheitsministerium (AK-0086).<\/p>\n<div class=\"lyte-wrapper\" style=\"width:853px;max-width:100%;margin:5px;\"><div class=\"lyMe hidef\" id=\"WYL_Jfk2G1fKqdo\"><div id=\"lyte_Jfk2G1fKqdo\" data-src=\"https:\/\/aslitarcanglobal.com\/wp-content\/plugins\/wp-youtube-lyte\/lyteCache.php?origThumbUrl=%2F%2Fi.ytimg.com%2Fvi%2FJfk2G1fKqdo%2Fmaxresdefault.jpg\" class=\"pL\"><div class=\"tC\"><div class=\"tT\"><\/div><\/div><div class=\"play\"><\/div><div class=\"ctrl\"><div class=\"Lctrl\"><\/div><div class=\"Rctrl\"><\/div><\/div><\/div><noscript><a href=\"https:\/\/youtu.be\/Jfk2G1fKqdo\" rel=\"nofollow noopener\" target=\"_blank\"><img loading=\"lazy\" decoding=\"async\" src=\"https:\/\/aslitarcanglobal.com\/wp-content\/plugins\/wp-youtube-lyte\/lyteCache.php?origThumbUrl=https%3A%2F%2Fi.ytimg.com%2Fvi%2FJfk2G1fKqdo%2F0.jpg\" alt=\"YouTube-Video-Vorschaubild\" width=\"853\" height=\"460\" title=\"\"><br \/>Dieses Video auf YouTube ansehen<\/a><\/noscript><\/div><\/div><div class=\"lL\" style=\"max-width:100%;width:853px;margin:5px;\"><\/div><\/p>\n","protected":false},"excerpt":{"rendered":"<p>Die Marke Asl\u0131 Tarcan, die in vielen L\u00e4ndern, insbesondere in den Vereinigten Staaten von Amerika und in europ\u00e4ischen L\u00e4ndern, bevorzugt wird, ist stolz darauf, Ihnen den besten Service zu vermitteln. Wir bringen Ihnen auch die neuesten Technologieprodukte in Bereichen wie \u00e4sthetische und plastische Chirurgie, medizinische \u00c4sthetik, Haartransplantation und Zahn\u00e4sthetik n\u00e4her. Von uns angebotene Dienstleistungen: Operation, [&hellip;]<\/p>\n","protected":false},"author":1,"featured_media":0,"parent":0,"menu_order":0,"comment_status":"closed","ping_status":"closed","template":"","meta":{"footnotes":""},"class_list":["post-2179","page","type-page","status-publish","hentry"],"_links":{"self":[{"href":"https:\/\/aslitarcanglobal.com\/de\/wp-json\/wp\/v2\/pages\/2179","targetHints":{"allow":["GET"]}}],"collection":[{"href":"https:\/\/aslitarcanglobal.com\/de\/wp-json\/wp\/v2\/pages"}],"about":[{"href":"https:\/\/aslitarcanglobal.com\/de\/wp-json\/wp\/v2\/types\/page"}],"author":[{"embeddable":true,"href":"https:\/\/aslitarcanglobal.com\/de\/wp-json\/wp\/v2\/users\/1"}],"replies":[{"embeddable":true,"href":"https:\/\/aslitarcanglobal.com\/de\/wp-json\/wp\/v2\/comments?post=2179"}],"version-history":[{"count":5,"href":"https:\/\/aslitarcanglobal.com\/de\/wp-json\/wp\/v2\/pages\/2179\/revisions"}],"predecessor-version":[{"id":3605,"href":"https:\/\/aslitarcanglobal.com\/de\/wp-json\/wp\/v2\/pages\/2179\/revisions\/3605"}],"wp:attachment":[{"href":"https:\/\/aslitarcanglobal.com\/de\/wp-json\/wp\/v2\/media?parent=2179"}],"curies":[{"name":"wp","href":"https:\/\/api.w.org\/{rel}","templated":true}]}}