{"id":3511,"date":"2025-01-01T23:22:58","date_gmt":"2025-01-01T20:22:58","guid":{"rendered":"https:\/\/aslitarcanglobal.com\/gizlilik-politikasi\/"},"modified":"2026-03-25T16:53:04","modified_gmt":"2026-03-25T13:53:04","slug":"datenschutzrichtlinie","status":"publish","type":"page","link":"https:\/\/aslitarcanglobal.com\/de\/datenschutzrichtlinie\/","title":{"rendered":"Datenschutzrichtlinie"},"content":{"rendered":"<h2>Wer Wir Sind<\/h2>\n<p><strong>Vorgeschlagener Text: <\/strong>Unsere Website-Adresse ist: http:\/\/localhost\/mc_aslitarcan_estetik.<\/p>\n<h2>Kommentare<\/h2>\n<p><strong>Vorgeschlagener Text: <\/strong>Wenn Besucher Kommentare auf der Website hinterlassen, erfassen wir neben den im Kommentarformular angezeigten Daten auch die IP-Adresse des Besuchers sowie Informationen zum Browser, um die Erkennung von unerw\u00fcnschten Kommentaren zu unterst\u00fctzen.<\/p>\n<p>Dem Gravatar-Dienst kann ein aus Ihrer E-Mail-Adresse erzeugter anonymisierter Text (auch Hash genannt) \u00fcbermittelt werden, um zu pr\u00fcfen, ob Sie diesen Dienst nutzen. Die Datenschutzerkl\u00e4rung von Gravatar finden Sie unter: https:\/\/automattic.com\/privacy\/. Nach der Freigabe Ihres Kommentars ist Ihr Profilbild \u00f6ffentlich im Zusammenhang mit Ihrem Kommentar sichtbar.<\/p>\n<h2>Medien<\/h2>\n<p><strong>Vorgeschlagener Text: <\/strong>Wenn Sie Bilder auf die Website hochladen, sollten Sie vermeiden, Bilder mit eingebetteten Standortdaten (EXIF GPS) hochzuladen. Besucher der Website k\u00f6nnen Bilder von der Website herunterladen und die darin enthaltenen Standortinformationen auslesen.<\/p>\n<h2>Cookies<\/h2>\n<p><strong>Vorgeschlagener Text: <\/strong>Wenn Sie einen Kommentar auf unserer Website hinterlassen, k\u00f6nnen Sie w\u00e4hlen, ob Ihr Name, Ihre E-Mail-Adresse und Ihre Website-Adresse in Cookies gespeichert werden. Dies dient Ihrem Komfort, damit Sie Ihre Daten nicht erneut eingeben m\u00fcssen, wenn Sie einen weiteren Kommentar hinterlassen. Diese Cookies werden ein Jahr lang gespeichert.<\/p>\n<p>Wenn Sie unsere Anmeldeseite besuchen, setzen wir ein tempor\u00e4res Cookie, um festzustellen, ob Ihr Browser Cookies akzeptiert. Dieses Cookie enth\u00e4lt keine personenbezogenen Daten und wird verworfen, wenn Sie Ihren Browser schlie\u00dfen.<\/p>\n<p>Wenn Sie sich anmelden, werden wir einige Cookies einrichten, um Ihre Anmeldeinformationen und Ihre Anzeigeoptionen zu speichern. Anmelde-Cookies bleiben zwei Tage lang erhalten und Cookies f\u00fcr Anzeigeoptionen ein Jahr lang. Wenn Sie die Option &#8222;Angemeldet bleiben&#8220; ausw\u00e4hlen, bleibt Ihre Anmeldung zwei Wochen lang bestehen. Wenn Sie sich aus Ihrem Konto abmelden, werden die Anmelde-Cookies entfernt.<\/p>\n<p>Wenn Sie einen Beitrag bearbeiten oder ver\u00f6ffentlichen, wird ein zus\u00e4tzliches Cookie in Ihrem Browser gespeichert. Dieses Cookie enth\u00e4lt keine personenbezogenen Daten und verweist nur auf die Beitrags-ID des von Ihnen bearbeiteten Beitrags. Es verf\u00e4llt nach 1 Tag.<\/p>\n<h2>Von Anderen Websites Eingebettete Inhalte<\/h2>\n<p><strong class=\"privacy-policy-tutorial\">Vorgeschlagener Text: <\/strong>Beitr\u00e4ge auf dieser Website k\u00f6nnen eingebettete Inhalte enthalten, zum Beispiel Videos, Bilder oder Beitr\u00e4ge. Eingebettete Inhalte von anderen Websites verhalten sich exakt so, als h\u00e4tte der Besucher die andere Website direkt besucht.<\/p>\n<p>Diese Websites k\u00f6nnen Daten \u00fcber Sie sammeln, Cookies benutzen, zus\u00e4tzliche Tracking-Dienste von Dritten einbetten und Ihre Interaktion mit diesem eingebetteten Inhalt aufzeichnen, einschlie\u00dflich Ihrer Interaktion mit dem eingebetteten Inhalt, falls Sie ein Konto haben und auf dieser Website angemeldet sind.<\/p>\n<h2>Mit Wem Wir Ihre Daten Teilen<\/h2>\n<p><strong class=\"privacy-policy-tutorial\">Vorgeschlagener Text: <\/strong>Wenn Sie eine Zur\u00fccksetzung des Passworts beantragen, wird Ihre IP-Adresse in der E-Mail zur Passwortzur\u00fccksetzung enthalten sein.<\/p>\n<h2>Wie Lange Wir Ihre Daten Speichern<\/h2>\n<p><strong>Vorgeschlagener Text: <\/strong>Wenn Sie einen Kommentar hinterlassen, werden der Kommentar und seine Metadaten zeitlich unbegrenzt gespeichert. Auf diese Weise k\u00f6nnen wir Folgekommentare automatisch erkennen und freigeben, anstatt sie in einer Moderationswarteschlange festzuhalten.<\/p>\n<p>F\u00fcr Benutzer, die sich auf unserer Website registrieren (falls vorhanden), speichern wir au\u00dferdem die personenbezogenen Daten, die sie in ihrem Benutzerprofil angeben. Alle Benutzer k\u00f6nnen ihre personenbezogenen Daten jederzeit einsehen, bearbeiten oder l\u00f6schen, mit Ausnahme des Benutzernamens. Website-Administratoren k\u00f6nnen diese Informationen ebenfalls einsehen und bearbeiten.<\/p>\n<h2>Welche Rechte Sie An Ihren Daten Haben<\/h2>\n<p><strong>Vorgeschlagener Text: <\/strong>Wenn Sie ein Konto auf dieser Website besitzen oder Kommentare hinterlassen haben, k\u00f6nnen Sie einen Export Ihrer personenbezogenen Daten bei uns anfordern, einschlie\u00dflich aller Daten, die Sie uns mitgeteilt haben. Dar\u00fcber hinaus k\u00f6nnen Sie die L\u00f6schung aller personenbezogenen Daten, die wir von Ihnen gespeichert haben, anfordern. Dies umfasst nicht die Daten, die wir aufgrund administrativer, rechtlicher oder sicherheitsrelevanter Notwendigkeiten aufbewahren m\u00fcssen.<\/p>\n<h2>Wohin Ihre Daten Gesendet Werden<\/h2>\n<p><strong>Vorgeschlagener Text: <\/strong>Besucherkommentare k\u00f6nnten von einem automatisierten Dienst zur Spam-Erkennung untersucht werden.<\/p>\n","protected":false},"excerpt":{"rendered":"<p>Wer Wir Sind Vorgeschlagener Text: Unsere Website-Adresse ist: http:\/\/localhost\/mc_aslitarcan_estetik. Kommentare Vorgeschlagener Text: Wenn Besucher Kommentare auf der Website hinterlassen, erfassen wir neben den im Kommentarformular angezeigten Daten auch die IP-Adresse des Besuchers sowie Informationen zum Browser, um die Erkennung von unerw\u00fcnschten Kommentaren zu unterst\u00fctzen. Dem Gravatar-Dienst kann ein aus Ihrer E-Mail-Adresse erzeugter anonymisierter Text (auch [&hellip;]<\/p>\n","protected":false},"author":1,"featured_media":0,"parent":0,"menu_order":0,"comment_status":"closed","ping_status":"closed","template":"","meta":{"footnotes":""},"class_list":["post-3511","page","type-page","status-publish","hentry"],"_links":{"self":[{"href":"https:\/\/aslitarcanglobal.com\/de\/wp-json\/wp\/v2\/pages\/3511","targetHints":{"allow":["GET"]}}],"collection":[{"href":"https:\/\/aslitarcanglobal.com\/de\/wp-json\/wp\/v2\/pages"}],"about":[{"href":"https:\/\/aslitarcanglobal.com\/de\/wp-json\/wp\/v2\/types\/page"}],"author":[{"embeddable":true,"href":"https:\/\/aslitarcanglobal.com\/de\/wp-json\/wp\/v2\/users\/1"}],"replies":[{"embeddable":true,"href":"https:\/\/aslitarcanglobal.com\/de\/wp-json\/wp\/v2\/comments?post=3511"}],"version-history":[{"count":3,"href":"https:\/\/aslitarcanglobal.com\/de\/wp-json\/wp\/v2\/pages\/3511\/revisions"}],"predecessor-version":[{"id":3519,"href":"https:\/\/aslitarcanglobal.com\/de\/wp-json\/wp\/v2\/pages\/3511\/revisions\/3519"}],"wp:attachment":[{"href":"https:\/\/aslitarcanglobal.com\/de\/wp-json\/wp\/v2\/media?parent=3511"}],"curies":[{"name":"wp","href":"https:\/\/api.w.org\/{rel}","templated":true}]}}