{"id":4510,"date":"2026-04-17T15:13:40","date_gmt":"2026-04-17T12:13:40","guid":{"rendered":"https:\/\/aslitarcanglobal.com\/%d1%87%d0%b5%d1%81%d1%82%d0%be-%d0%b7%d0%b0%d0%b4%d0%b0%d0%b2%d0%b0%d0%bd%d0%b8-%d0%b2%d1%8a%d0%bf%d1%80%d0%be%d1%81%d0%b8\/"},"modified":"2026-04-17T17:19:19","modified_gmt":"2026-04-17T14:19:19","slug":"haeufig-gestellte-fragen","status":"publish","type":"page","link":"https:\/\/aslitarcanglobal.com\/de\/haeufig-gestellte-fragen\/","title":{"rendered":"H\u00e4ufig gestellte Fragen"},"content":{"rendered":"<div id=\"rank-math-faq\" class=\"rank-math-block\">\n<div class=\"rank-math-list \">\n<div id=\"faq-question-1776428349094\" class=\"rank-math-list-item\">\n<h3 class=\"rank-math-question \">Welche Behandlungen werden in dieser Klinik durchgef\u00fchrt?<\/h3>\n<div class=\"rank-math-answer \">\n\n<p>Bei Asl\u0131 Tarcan Global werden Haartransplantation, Zahn\u00e4sthetik, \u00e4sthetische Chirurgie und medizinisch-\u00e4sthetische Behandlungen durchgef\u00fchrt. Die Klinik bietet au\u00dferdem Augenbrauen- und Barttransplantation, PRP, Mesotherapie, Smile Design, Veneers, LASIK und verschiedene k\u00f6rper\u00e4sthetische Behandlungen an.<\/p>\n\n<\/div>\n<\/div>\n<div id=\"faq-question-1776428360213\" class=\"rank-math-list-item\">\n<h3 class=\"rank-math-question \">Werden Haartransplantation, \u00e4sthetische Chirurgie und medizinische \u00c4sthetik im selben Zentrum durchgef\u00fchrt?<\/h3>\n<div class=\"rank-math-answer \">\n\n<p>Ja, bei Asl\u0131 Tarcan Global werden Haartransplantation, \u00e4sthetische Chirurgie und medizinisch-\u00e4sthetische Behandlungen innerhalb derselben Zentrumstruktur angeboten.<\/p>\n\n<\/div>\n<\/div>\n<div id=\"faq-question-1776428421904\" class=\"rank-math-list-item\">\n<h3 class=\"rank-math-question \">Wie wird ein personalisierter Behandlungsplan erstellt?<\/h3>\n<div class=\"rank-math-answer \">\n\n<p>Der individuelle Behandlungsplan wird nach einer ersten Bewertung erstellt, bei der Bed\u00fcrfnisse, Ziele und der aktuelle Zustand gemeinsam analysiert werden. In diesem Prozess erfolgt zun\u00e4chst eine Beratung, und passende Behandlungsoptionen werden festgelegt. Anschlie\u00dfend werden der aktuelle Zustand der Person, der Behandlungsbedarf und die Erwartungen ausf\u00fchrlich bewertet.<\/p>\n\n<\/div>\n<\/div>\n<div id=\"faq-question-1776428457721\" class=\"rank-math-list-item\">\n<h3 class=\"rank-math-question \">Wer wird den Eingriff durchf\u00fchren?<\/h3>\n<div class=\"rank-math-answer \">\n\n<p>Der Eingriff wird vom Expertenteam von Asl\u0131 Tarcan Global durchgef\u00fchrt. Der Ablauf der Behandlung wird als geplante Anwendung angeboten, die vom Fachpersonal innerhalb des Zentrums durchgef\u00fchrt wird.<\/p>\n\n<\/div>\n<\/div>\n<div id=\"faq-question-1776428496263\" class=\"rank-math-list-item\">\n<h3 class=\"rank-math-question \">Wie funktioniert der Hygiene- und Sterilisationsprozess?<\/h3>\n<div class=\"rank-math-answer \">\n\n<p>Der Hygiene- und Sterilisationsprozess erfolgt durch die regelm\u00e4\u00dfige Vorbereitung der Behandlungsbereiche, das sterile Halten der Ger\u00e4te und die Anwendung sicherer klinischer Standards.<\/p>\n\n<\/div>\n<\/div>\n<div id=\"faq-question-1776428552270\" class=\"rank-math-list-item\">\n<h3 class=\"rank-math-question \">Wird eine Vollnarkose oder eine Lokalan\u00e4sthesie angewendet?<\/h3>\n<div class=\"rank-math-answer \">\n\n<p>Bei Haartransplantationen wie FUE und DHI wird der Eingriffsbereich bet\u00e4ubt, um den Komfort zu gew\u00e4hrleisten. Aus diesem Grund wird bei einer Haartransplantation in der Regel eher eine lokale als eine Vollnarkose bevorzugt.<\/p>\n\n<\/div>\n<\/div>\n<div id=\"faq-question-1776428605924\" class=\"rank-math-list-item\">\n<h3 class=\"rank-math-question \">Wo befinden Sie sich?<\/h3>\n<div class=\"rank-math-answer \">\n\n<p>Die Adresse von Asl\u0131 Tarcan Global lautet Maltepe, Eski Londra Asfalt\u0131 Caddesi, Kale Avrupa Konutlar\u0131 No: 32, 34010 Zeytinburnu\/\u0130stanbul.<\/p>\n\n<\/div>\n<\/div>\n<\/div>\n<\/div>","protected":false},"excerpt":{"rendered":"","protected":false},"author":1,"featured_media":0,"parent":0,"menu_order":0,"comment_status":"closed","ping_status":"closed","template":"","meta":{"footnotes":""},"class_list":["post-4510","page","type-page","status-publish","hentry"],"_links":{"self":[{"href":"https:\/\/aslitarcanglobal.com\/de\/wp-json\/wp\/v2\/pages\/4510","targetHints":{"allow":["GET"]}}],"collection":[{"href":"https:\/\/aslitarcanglobal.com\/de\/wp-json\/wp\/v2\/pages"}],"about":[{"href":"https:\/\/aslitarcanglobal.com\/de\/wp-json\/wp\/v2\/types\/page"}],"author":[{"embeddable":true,"href":"https:\/\/aslitarcanglobal.com\/de\/wp-json\/wp\/v2\/users\/1"}],"replies":[{"embeddable":true,"href":"https:\/\/aslitarcanglobal.com\/de\/wp-json\/wp\/v2\/comments?post=4510"}],"version-history":[{"count":1,"href":"https:\/\/aslitarcanglobal.com\/de\/wp-json\/wp\/v2\/pages\/4510\/revisions"}],"predecessor-version":[{"id":4521,"href":"https:\/\/aslitarcanglobal.com\/de\/wp-json\/wp\/v2\/pages\/4510\/revisions\/4521"}],"wp:attachment":[{"href":"https:\/\/aslitarcanglobal.com\/de\/wp-json\/wp\/v2\/media?parent=4510"}],"curies":[{"name":"wp","href":"https:\/\/api.w.org\/{rel}","templated":true}]}}