{"id":3676,"date":"2025-02-03T10:17:01","date_gmt":"2025-02-03T07:17:01","guid":{"rendered":"https:\/\/aslitarcanglobal.com\/about\/"},"modified":"2026-03-27T10:34:49","modified_gmt":"2026-03-27T07:34:49","slug":"acerca-de","status":"publish","type":"page","link":"https:\/\/aslitarcanglobal.com\/es\/acerca-de\/","title":{"rendered":"Acerca de"},"content":{"rendered":"\n\t\t<style type=\"text\/css\">\n\t\t\t#gallery-1 {\n\t\t\t\tmargin: auto;\n\t\t\t}\n\t\t\t#gallery-1 .gallery-item {\n\t\t\t\tfloat: left;\n\t\t\t\tmargin-top: 10px;\n\t\t\t\ttext-align: center;\n\t\t\t\twidth: 33%;\n\t\t\t}\n\t\t\t#gallery-1 img {\n\t\t\t\tborder: 2px solid #cfcfcf;\n\t\t\t}\n\t\t\t#gallery-1 .gallery-caption {\n\t\t\t\tmargin-left: 0;\n\t\t\t}\n\t\t\t\/* see gallery_shortcode() in wp-includes\/media.php *\/\n\t\t<\/style>\n\t\t<div id='gallery-1' class='gallery galleryid-3676 gallery-columns-3 gallery-size-large'><dl class='gallery-item'>\n\t\t\t<dt class='gallery-icon landscape'>\n\t\t\t\t<a href='https:\/\/aslitarcanglobal.com\/wp-content\/uploads\/2026\/03\/er-scaled_2026.webp'><img loading=\"lazy\" decoding=\"async\" width=\"1024\" height=\"768\" src=\"https:\/\/aslitarcanglobal.com\/wp-content\/uploads\/2026\/03\/er-scaled_2026-1024x768.webp\" class=\"attachment-large size-large\" alt=\"\" srcset=\"https:\/\/aslitarcanglobal.com\/wp-content\/uploads\/2026\/03\/er-scaled_2026-1024x768.webp 1024w, https:\/\/aslitarcanglobal.com\/wp-content\/uploads\/2026\/03\/er-scaled_2026-300x225.webp 300w, https:\/\/aslitarcanglobal.com\/wp-content\/uploads\/2026\/03\/er-scaled_2026-768x576.webp 768w, https:\/\/aslitarcanglobal.com\/wp-content\/uploads\/2026\/03\/er-scaled_2026-1536x1152.webp 1536w, https:\/\/aslitarcanglobal.com\/wp-content\/uploads\/2026\/03\/er-scaled_2026-2048x1536.webp 2048w\" sizes=\"auto, (max-width: 1024px) 100vw, 1024px\" title=\"\"><\/a>\n\t\t\t<\/dt><\/dl><dl class='gallery-item'>\n\t\t\t<dt class='gallery-icon landscape'>\n\t\t\t\t<a href='https:\/\/aslitarcanglobal.com\/wp-content\/uploads\/2026\/03\/1234-scaled_2026.webp'><img loading=\"lazy\" decoding=\"async\" width=\"1024\" height=\"768\" src=\"https:\/\/aslitarcanglobal.com\/wp-content\/uploads\/2026\/03\/1234-scaled_2026-1024x768.webp\" class=\"attachment-large size-large\" alt=\"\" srcset=\"https:\/\/aslitarcanglobal.com\/wp-content\/uploads\/2026\/03\/1234-scaled_2026-1024x768.webp 1024w, https:\/\/aslitarcanglobal.com\/wp-content\/uploads\/2026\/03\/1234-scaled_2026-300x225.webp 300w, https:\/\/aslitarcanglobal.com\/wp-content\/uploads\/2026\/03\/1234-scaled_2026-768x576.webp 768w, https:\/\/aslitarcanglobal.com\/wp-content\/uploads\/2026\/03\/1234-scaled_2026-1536x1152.webp 1536w, https:\/\/aslitarcanglobal.com\/wp-content\/uploads\/2026\/03\/1234-scaled_2026-2048x1536.webp 2048w\" sizes=\"auto, (max-width: 1024px) 100vw, 1024px\" title=\"\"><\/a>\n\t\t\t<\/dt><\/dl><dl class='gallery-item'>\n\t\t\t<dt class='gallery-icon landscape'>\n\t\t\t\t<a href='https:\/\/aslitarcanglobal.com\/wp-content\/uploads\/2026\/03\/IMG_7925-scaled_2026.webp'><img loading=\"lazy\" decoding=\"async\" width=\"1024\" height=\"768\" src=\"https:\/\/aslitarcanglobal.com\/wp-content\/uploads\/2026\/03\/IMG_7925-scaled_2026-1024x768.webp\" class=\"attachment-large size-large\" alt=\"\" srcset=\"https:\/\/aslitarcanglobal.com\/wp-content\/uploads\/2026\/03\/IMG_7925-scaled_2026-1024x768.webp 1024w, https:\/\/aslitarcanglobal.com\/wp-content\/uploads\/2026\/03\/IMG_7925-scaled_2026-300x225.webp 300w, https:\/\/aslitarcanglobal.com\/wp-content\/uploads\/2026\/03\/IMG_7925-scaled_2026-768x576.webp 768w, https:\/\/aslitarcanglobal.com\/wp-content\/uploads\/2026\/03\/IMG_7925-scaled_2026-1536x1152.webp 1536w, https:\/\/aslitarcanglobal.com\/wp-content\/uploads\/2026\/03\/IMG_7925-scaled_2026-2048x1536.webp 2048w\" sizes=\"auto, (max-width: 1024px) 100vw, 1024px\" title=\"\"><\/a>\n\t\t\t<\/dt><\/dl><br style=\"clear: both\" \/><dl class='gallery-item'>\n\t\t\t<dt class='gallery-icon landscape'>\n\t\t\t\t<a href='https:\/\/aslitarcanglobal.com\/wp-content\/uploads\/2026\/03\/qwer-scaled_2026.webp'><img loading=\"lazy\" decoding=\"async\" width=\"1024\" height=\"768\" src=\"https:\/\/aslitarcanglobal.com\/wp-content\/uploads\/2026\/03\/qwer-scaled_2026-1024x768.webp\" class=\"attachment-large size-large\" alt=\"\" srcset=\"https:\/\/aslitarcanglobal.com\/wp-content\/uploads\/2026\/03\/qwer-scaled_2026-1024x768.webp 1024w, https:\/\/aslitarcanglobal.com\/wp-content\/uploads\/2026\/03\/qwer-scaled_2026-300x225.webp 300w, https:\/\/aslitarcanglobal.com\/wp-content\/uploads\/2026\/03\/qwer-scaled_2026-768x576.webp 768w, https:\/\/aslitarcanglobal.com\/wp-content\/uploads\/2026\/03\/qwer-scaled_2026-1536x1152.webp 1536w, https:\/\/aslitarcanglobal.com\/wp-content\/uploads\/2026\/03\/qwer-scaled_2026-2048x1536.webp 2048w\" sizes=\"auto, (max-width: 1024px) 100vw, 1024px\" title=\"\"><\/a>\n\t\t\t<\/dt><\/dl><dl class='gallery-item'>\n\t\t\t<dt class='gallery-icon landscape'>\n\t\t\t\t<a href='https:\/\/aslitarcanglobal.com\/wp-content\/uploads\/2026\/03\/sdfsdf-scaled_2026.webp'><img loading=\"lazy\" decoding=\"async\" width=\"1024\" height=\"768\" src=\"https:\/\/aslitarcanglobal.com\/wp-content\/uploads\/2026\/03\/sdfsdf-scaled_2026-1024x768.webp\" class=\"attachment-large size-large\" alt=\"\" srcset=\"https:\/\/aslitarcanglobal.com\/wp-content\/uploads\/2026\/03\/sdfsdf-scaled_2026-1024x768.webp 1024w, https:\/\/aslitarcanglobal.com\/wp-content\/uploads\/2026\/03\/sdfsdf-scaled_2026-300x225.webp 300w, https:\/\/aslitarcanglobal.com\/wp-content\/uploads\/2026\/03\/sdfsdf-scaled_2026-768x576.webp 768w, https:\/\/aslitarcanglobal.com\/wp-content\/uploads\/2026\/03\/sdfsdf-scaled_2026-1536x1152.webp 1536w, https:\/\/aslitarcanglobal.com\/wp-content\/uploads\/2026\/03\/sdfsdf-scaled_2026-2048x1536.webp 2048w\" sizes=\"auto, (max-width: 1024px) 100vw, 1024px\" title=\"\"><\/a>\n\t\t\t<\/dt><\/dl><dl class='gallery-item'>\n\t\t\t<dt class='gallery-icon landscape'>\n\t\t\t\t<a href='https:\/\/aslitarcanglobal.com\/wp-content\/uploads\/2026\/03\/dfgdfg-scaled_2026.webp'><img loading=\"lazy\" decoding=\"async\" width=\"1024\" height=\"768\" src=\"https:\/\/aslitarcanglobal.com\/wp-content\/uploads\/2026\/03\/dfgdfg-scaled_2026-1024x768.webp\" class=\"attachment-large size-large\" alt=\"\" srcset=\"https:\/\/aslitarcanglobal.com\/wp-content\/uploads\/2026\/03\/dfgdfg-scaled_2026-1024x768.webp 1024w, https:\/\/aslitarcanglobal.com\/wp-content\/uploads\/2026\/03\/dfgdfg-scaled_2026-300x225.webp 300w, https:\/\/aslitarcanglobal.com\/wp-content\/uploads\/2026\/03\/dfgdfg-scaled_2026-768x576.webp 768w, https:\/\/aslitarcanglobal.com\/wp-content\/uploads\/2026\/03\/dfgdfg-scaled_2026-1536x1152.webp 1536w, https:\/\/aslitarcanglobal.com\/wp-content\/uploads\/2026\/03\/dfgdfg-scaled_2026-2048x1536.webp 2048w\" sizes=\"auto, (max-width: 1024px) 100vw, 1024px\" title=\"\"><\/a>\n\t\t\t<\/dt><\/dl><br style=\"clear: both\" \/><dl class='gallery-item'>\n\t\t\t<dt class='gallery-icon landscape'>\n\t\t\t\t<a href='https:\/\/aslitarcanglobal.com\/wp-content\/uploads\/2026\/03\/lkj-scaled_2026.webp'><img loading=\"lazy\" decoding=\"async\" width=\"1024\" height=\"768\" src=\"https:\/\/aslitarcanglobal.com\/wp-content\/uploads\/2026\/03\/lkj-scaled_2026-1024x768.webp\" class=\"attachment-large size-large\" alt=\"\" srcset=\"https:\/\/aslitarcanglobal.com\/wp-content\/uploads\/2026\/03\/lkj-scaled_2026-1024x768.webp 1024w, https:\/\/aslitarcanglobal.com\/wp-content\/uploads\/2026\/03\/lkj-scaled_2026-300x225.webp 300w, https:\/\/aslitarcanglobal.com\/wp-content\/uploads\/2026\/03\/lkj-scaled_2026-768x576.webp 768w, https:\/\/aslitarcanglobal.com\/wp-content\/uploads\/2026\/03\/lkj-scaled_2026-1536x1152.webp 1536w, https:\/\/aslitarcanglobal.com\/wp-content\/uploads\/2026\/03\/lkj-scaled_2026-2048x1536.webp 2048w\" sizes=\"auto, (max-width: 1024px) 100vw, 1024px\" title=\"\"><\/a>\n\t\t\t<\/dt><\/dl><dl class='gallery-item'>\n\t\t\t<dt class='gallery-icon landscape'>\n\t\t\t\t<a href='https:\/\/aslitarcanglobal.com\/wp-content\/uploads\/2026\/03\/12-scaled_2026.webp'><img loading=\"lazy\" decoding=\"async\" width=\"1024\" height=\"768\" src=\"https:\/\/aslitarcanglobal.com\/wp-content\/uploads\/2026\/03\/12-scaled_2026-1024x768.webp\" class=\"attachment-large size-large\" alt=\"\" srcset=\"https:\/\/aslitarcanglobal.com\/wp-content\/uploads\/2026\/03\/12-scaled_2026-1024x768.webp 1024w, https:\/\/aslitarcanglobal.com\/wp-content\/uploads\/2026\/03\/12-scaled_2026-300x225.webp 300w, https:\/\/aslitarcanglobal.com\/wp-content\/uploads\/2026\/03\/12-scaled_2026-768x576.webp 768w, https:\/\/aslitarcanglobal.com\/wp-content\/uploads\/2026\/03\/12-scaled_2026-1536x1152.webp 1536w, https:\/\/aslitarcanglobal.com\/wp-content\/uploads\/2026\/03\/12-scaled_2026-2048x1536.webp 2048w\" sizes=\"auto, (max-width: 1024px) 100vw, 1024px\" title=\"\"><\/a>\n\t\t\t<\/dt><\/dl><dl class='gallery-item'>\n\t\t\t<dt class='gallery-icon landscape'>\n\t\t\t\t<a href='https:\/\/aslitarcanglobal.com\/wp-content\/uploads\/2026\/03\/123-scaled_2026.webp'><img loading=\"lazy\" decoding=\"async\" width=\"1024\" height=\"768\" src=\"https:\/\/aslitarcanglobal.com\/wp-content\/uploads\/2026\/03\/123-scaled_2026-1024x768.webp\" class=\"attachment-large size-large\" alt=\"\" srcset=\"https:\/\/aslitarcanglobal.com\/wp-content\/uploads\/2026\/03\/123-scaled_2026-1024x768.webp 1024w, https:\/\/aslitarcanglobal.com\/wp-content\/uploads\/2026\/03\/123-scaled_2026-300x225.webp 300w, https:\/\/aslitarcanglobal.com\/wp-content\/uploads\/2026\/03\/123-scaled_2026-768x576.webp 768w, https:\/\/aslitarcanglobal.com\/wp-content\/uploads\/2026\/03\/123-scaled_2026-1536x1152.webp 1536w, https:\/\/aslitarcanglobal.com\/wp-content\/uploads\/2026\/03\/123-scaled_2026-2048x1536.webp 2048w\" sizes=\"auto, (max-width: 1024px) 100vw, 1024px\" title=\"\"><\/a>\n\t\t\t<\/dt><\/dl><br style=\"clear: both\" \/>\n\t\t<\/div>\n\n<p>La marca Asl\u0131 Tarcan, preferida por muchos pa\u00edses, especialmente por los Estados Unidos de Am\u00e9rica y los pa\u00edses europeos, se enorgullece de ponerle en contacto con el mejor servicio. Tambi\u00e9n le acercamos a las \u00faltimas tecnolog\u00edas en \u00e1reas como cirug\u00eda est\u00e9tica y pl\u00e1stica, medicina est\u00e9tica, trasplante capilar y est\u00e9tica dental.<\/p>\n<p>Servicios Que Ofrecemos: Operaci\u00f3n, Alojamiento En Hoteles De 5 Estrellas, Traslados Aeropuerto-Hotel-Centro De Control.<\/p>\n<h2>\u00bfPor Qu\u00e9 Asli Tarcan?<\/h2>\n<p>ASLI TARCAN HEALTH TOURISM SERVICES, que organiza pacientes internacionales de todo el mundo, principalmente de Am\u00e9rica a Turqu\u00eda, es una empresa de turismo de salud con sede en Estambul, miembro de TURSAB (Asociaci\u00f3n de Agencias de Viajes Turcas) y con acreditaci\u00f3n del Ministerio de Salud (AK-0086).<\/p>\n<div class=\"lyte-wrapper\" style=\"width:853px;max-width:100%;margin:5px;\"><div class=\"lyMe hidef\" id=\"WYL_Jfk2G1fKqdo\"><div id=\"lyte_Jfk2G1fKqdo\" data-src=\"https:\/\/aslitarcanglobal.com\/wp-content\/plugins\/wp-youtube-lyte\/lyteCache.php?origThumbUrl=%2F%2Fi.ytimg.com%2Fvi%2FJfk2G1fKqdo%2Fmaxresdefault.jpg\" class=\"pL\"><div class=\"tC\"><div class=\"tT\"><\/div><\/div><div class=\"play\"><\/div><div class=\"ctrl\"><div class=\"Lctrl\"><\/div><div class=\"Rctrl\"><\/div><\/div><\/div><noscript><a href=\"https:\/\/youtu.be\/Jfk2G1fKqdo\" rel=\"nofollow noopener\" target=\"_blank\"><img loading=\"lazy\" decoding=\"async\" src=\"https:\/\/aslitarcanglobal.com\/wp-content\/plugins\/wp-youtube-lyte\/lyteCache.php?origThumbUrl=https%3A%2F%2Fi.ytimg.com%2Fvi%2FJfk2G1fKqdo%2F0.jpg\" alt=\"YouTube video thumbnail\" width=\"853\" height=\"460\" title=\"\"><br \/>Mire este video en YouTube<\/a><\/noscript><\/div><\/div><div class=\"lL\" style=\"max-width:100%;width:853px;margin:5px;\"><\/div><\/p>\n","protected":false},"excerpt":{"rendered":"<p>La marca Asl\u0131 Tarcan, preferida por muchos pa\u00edses, especialmente por los Estados Unidos de Am\u00e9rica y los pa\u00edses europeos, se enorgullece de ponerle en contacto con el mejor servicio. Tambi\u00e9n le acercamos a las \u00faltimas tecnolog\u00edas en \u00e1reas como cirug\u00eda est\u00e9tica y pl\u00e1stica, medicina est\u00e9tica, trasplante capilar y est\u00e9tica dental. Servicios Que Ofrecemos: Operaci\u00f3n, Alojamiento [&hellip;]<\/p>\n","protected":false},"author":1,"featured_media":0,"parent":0,"menu_order":0,"comment_status":"closed","ping_status":"closed","template":"","meta":{"footnotes":""},"class_list":["post-3676","page","type-page","status-publish","hentry"],"_links":{"self":[{"href":"https:\/\/aslitarcanglobal.com\/es\/wp-json\/wp\/v2\/pages\/3676","targetHints":{"allow":["GET"]}}],"collection":[{"href":"https:\/\/aslitarcanglobal.com\/es\/wp-json\/wp\/v2\/pages"}],"about":[{"href":"https:\/\/aslitarcanglobal.com\/es\/wp-json\/wp\/v2\/types\/page"}],"author":[{"embeddable":true,"href":"https:\/\/aslitarcanglobal.com\/es\/wp-json\/wp\/v2\/users\/1"}],"replies":[{"embeddable":true,"href":"https:\/\/aslitarcanglobal.com\/es\/wp-json\/wp\/v2\/comments?post=3676"}],"version-history":[{"count":2,"href":"https:\/\/aslitarcanglobal.com\/es\/wp-json\/wp\/v2\/pages\/3676\/revisions"}],"predecessor-version":[{"id":3707,"href":"https:\/\/aslitarcanglobal.com\/es\/wp-json\/wp\/v2\/pages\/3676\/revisions\/3707"}],"wp:attachment":[{"href":"https:\/\/aslitarcanglobal.com\/es\/wp-json\/wp\/v2\/media?parent=3676"}],"curies":[{"name":"wp","href":"https:\/\/api.w.org\/{rel}","templated":true}]}}