{"id":4513,"date":"2026-04-17T15:13:40","date_gmt":"2026-04-17T12:13:40","guid":{"rendered":"https:\/\/aslitarcanglobal.com\/%d1%87%d0%b5%d1%81%d1%82%d0%be-%d0%b7%d0%b0%d0%b4%d0%b0%d0%b2%d0%b0%d0%bd%d0%b8-%d0%b2%d1%8a%d0%bf%d1%80%d0%be%d1%81%d0%b8\/"},"modified":"2026-04-17T17:22:49","modified_gmt":"2026-04-17T14:22:49","slug":"preguntas-frecuentes","status":"publish","type":"page","link":"https:\/\/aslitarcanglobal.com\/es\/preguntas-frecuentes\/","title":{"rendered":"Preguntas frecuentes"},"content":{"rendered":"<div id=\"rank-math-faq\" class=\"rank-math-block\">\n<div class=\"rank-math-list \">\n<div id=\"faq-question-1776428349094\" class=\"rank-math-list-item\">\n<h3 class=\"rank-math-question \">\u00bfQu\u00e9 procedimientos se realizan en esta cl\u00ednica?<\/h3>\n<div class=\"rank-math-answer \">\n\n<p>\u0412 Asl\u0131 Tarcan Global \u0441\u0435 \u0438\u0437\u0432\u044a\u0440\u0448\u0432\u0430\u0442 \u0442\u0440\u0430\u043d\u0441\u043f\u043b\u0430\u043d\u0442\u0430\u0446\u0438\u044f \u043d\u0430 \u043a\u043e\u0441\u0430, \u0434\u0435\u043d\u0442\u0430\u043b\u043d\u0430 \u0435\u0441\u0442\u0435\u0442\u0438\u043a\u0430, \u0435\u0441\u0442\u0435\u0442\u0438\u0447\u043d\u0430 \u0445\u0438\u0440\u0443\u0440\u0433\u0438\u044f \u0438 \u043f\u0440\u043e\u0446\u0435\u0434\u0443\u0440\u0438 \u043f\u043e \u043c\u0435\u0434\u0438\u0446\u0438\u043d\u0441\u043a\u0430 \u0435\u0441\u0442\u0435\u0442\u0438\u043a\u0430. \u041a\u043b\u0438\u043d\u0438\u043a\u0430\u0442\u0430 \u043f\u0440\u0435\u0434\u043b\u0430\u0433\u0430 \u0441\u044a\u0449\u043e \u0442\u0440\u0430\u043d\u0441\u043f\u043b\u0430\u043d\u0442\u0430\u0446\u0438\u044f \u043d\u0430 \u0432\u0435\u0436\u0434\u0438 \u0438 \u0431\u0440\u0430\u0434\u0430, PRP, \u043c\u0435\u0437\u043e\u0442\u0435\u0440\u0430\u043f\u0438\u044f, \u0434\u0438\u0437\u0430\u0439\u043d \u043d\u0430 \u0443\u0441\u043c\u0438\u0432\u043a\u0430, \u0444\u0430\u0441\u0435\u0442\u0438, LASIK \u0438 \u0440\u0430\u0437\u043b\u0438\u0447\u043d\u0438 \u043f\u0440\u043e\u0446\u0435\u0434\u0443\u0440\u0438 \u0437\u0430 \u0435\u0441\u0442\u0435\u0442\u0438\u043a\u0430 \u043d\u0430 \u0442\u044f\u043b\u043e\u0442\u043e.<\/p>\n\n<\/div>\n<\/div>\n<div id=\"faq-question-1776428360213\" class=\"rank-math-list-item\">\n<h3 class=\"rank-math-question \">\u00bfSe realizan en el mismo centro el trasplante capilar, la cirug\u00eda est\u00e9tica y los tratamientos de medicina est\u00e9tica?<\/h3>\n<div class=\"rank-math-answer \">\n\n<p>S\u00ed, en Asl\u0131 Tarcan Global el trasplante capilar, la cirug\u00eda est\u00e9tica y los procedimientos de medicina est\u00e9tica se ofrecen dentro de la misma estructura del centro.<\/p>\n\n<\/div>\n<\/div>\n<div id=\"faq-question-1776428421904\" class=\"rank-math-list-item\">\n<h3 class=\"rank-math-question \">\u00bfC\u00f3mo se elabora un plan de tratamiento personalizado?<\/h3>\n<div class=\"rank-math-answer \">\n\n<p>El plan de tratamiento personalizado se elabora despu\u00e9s de una evaluaci\u00f3n inicial, analizando conjuntamente las necesidades, los objetivos y el estado actual. En este proceso, primero se realiza una consulta y se determinan las opciones de tratamiento adecuadas. Despu\u00e9s, se eval\u00faan detalladamente el estado actual de la persona, la necesidad del procedimiento y sus expectativas.<\/p>\n\n<\/div>\n<\/div>\n<div id=\"faq-question-1776428457721\" class=\"rank-math-list-item\">\n<h3 class=\"rank-math-question \">\u00bfQui\u00e9n realizar\u00e1 el procedimiento?<\/h3>\n<div class=\"rank-math-answer \">\n\n<p>El procedimiento es realizado por el equipo de especialistas de Asl\u0131 Tarcan Global. El proceso del procedimiento se ofrece como una aplicaci\u00f3n planificada, llevada a cabo por el equipo experto dentro del centro.<\/p>\n\n<\/div>\n<\/div>\n<div id=\"faq-question-1776428496263\" class=\"rank-math-list-item\">\n<h3 class=\"rank-math-question \">\u00bfC\u00f3mo funciona el proceso de higiene y esterilizaci\u00f3n?<\/h3>\n<div class=\"rank-math-answer \">\n\n<p>El proceso de higiene y esterilizaci\u00f3n se lleva a cabo mediante la preparaci\u00f3n regular de las \u00e1reas de procedimiento, el mantenimiento est\u00e9ril del equipo y la aplicaci\u00f3n de est\u00e1ndares cl\u00ednicos seguros.<\/p>\n\n<\/div>\n<\/div>\n<div id=\"faq-question-1776428552270\" class=\"rank-math-list-item\">\n<h3 class=\"rank-math-question \">\u00bfSe utiliza anestesia general o local?<\/h3>\n<div class=\"rank-math-answer \">\n\n<p>En los procedimientos de trasplante capilar como FUE y DHI, la zona de intervenci\u00f3n se adormece para garantizar la comodidad. Por esta raz\u00f3n, en el trasplante capilar generalmente se prefiere la anestesia local en lugar de la anestesia general.<\/p>\n\n<\/div>\n<\/div>\n<div id=\"faq-question-1776428605924\" class=\"rank-math-list-item\">\n<h3 class=\"rank-math-question \">\u00bfD\u00f3nde te encuentras?<\/h3>\n<div class=\"rank-math-answer \">\n\n<p>La direcci\u00f3n de Asl\u0131 Tarcan Global es Maltepe, Eski Londra Asfalt\u0131 Caddesi, Kale Avrupa Konutlar\u0131 No: 32, 34010 Zeytinburnu\/\u0130stanbul.<\/p>\n\n<\/div>\n<\/div>\n<\/div>\n<\/div>","protected":false},"excerpt":{"rendered":"","protected":false},"author":1,"featured_media":0,"parent":0,"menu_order":0,"comment_status":"closed","ping_status":"closed","template":"","meta":{"footnotes":""},"class_list":["post-4513","page","type-page","status-publish","hentry"],"_links":{"self":[{"href":"https:\/\/aslitarcanglobal.com\/es\/wp-json\/wp\/v2\/pages\/4513","targetHints":{"allow":["GET"]}}],"collection":[{"href":"https:\/\/aslitarcanglobal.com\/es\/wp-json\/wp\/v2\/pages"}],"about":[{"href":"https:\/\/aslitarcanglobal.com\/es\/wp-json\/wp\/v2\/types\/page"}],"author":[{"embeddable":true,"href":"https:\/\/aslitarcanglobal.com\/es\/wp-json\/wp\/v2\/users\/1"}],"replies":[{"embeddable":true,"href":"https:\/\/aslitarcanglobal.com\/es\/wp-json\/wp\/v2\/comments?post=4513"}],"version-history":[{"count":1,"href":"https:\/\/aslitarcanglobal.com\/es\/wp-json\/wp\/v2\/pages\/4513\/revisions"}],"predecessor-version":[{"id":4523,"href":"https:\/\/aslitarcanglobal.com\/es\/wp-json\/wp\/v2\/pages\/4513\/revisions\/4523"}],"wp:attachment":[{"href":"https:\/\/aslitarcanglobal.com\/es\/wp-json\/wp\/v2\/media?parent=4513"}],"curies":[{"name":"wp","href":"https:\/\/api.w.org\/{rel}","templated":true}]}}