{"id":3674,"date":"2025-02-03T10:17:01","date_gmt":"2025-02-03T07:17:01","guid":{"rendered":"https:\/\/aslitarcanglobal.com\/about\/"},"modified":"2026-03-27T10:30:27","modified_gmt":"2026-03-27T07:30:27","slug":"a-propos","status":"publish","type":"page","link":"https:\/\/aslitarcanglobal.com\/fr\/a-propos\/","title":{"rendered":"\u00c0 propos"},"content":{"rendered":"\n\t\t<style type=\"text\/css\">\n\t\t\t#gallery-1 {\n\t\t\t\tmargin: auto;\n\t\t\t}\n\t\t\t#gallery-1 .gallery-item {\n\t\t\t\tfloat: left;\n\t\t\t\tmargin-top: 10px;\n\t\t\t\ttext-align: center;\n\t\t\t\twidth: 33%;\n\t\t\t}\n\t\t\t#gallery-1 img {\n\t\t\t\tborder: 2px solid #cfcfcf;\n\t\t\t}\n\t\t\t#gallery-1 .gallery-caption {\n\t\t\t\tmargin-left: 0;\n\t\t\t}\n\t\t\t\/* see gallery_shortcode() in wp-includes\/media.php *\/\n\t\t<\/style>\n\t\t<div id='gallery-1' class='gallery galleryid-3674 gallery-columns-3 gallery-size-large'><dl class='gallery-item'>\n\t\t\t<dt class='gallery-icon landscape'>\n\t\t\t\t<a href='https:\/\/aslitarcanglobal.com\/wp-content\/uploads\/2026\/03\/er-scaled_2026.webp'><img loading=\"lazy\" decoding=\"async\" width=\"1024\" height=\"768\" src=\"https:\/\/aslitarcanglobal.com\/wp-content\/uploads\/2026\/03\/er-scaled_2026-1024x768.webp\" class=\"attachment-large size-large\" alt=\"\" srcset=\"https:\/\/aslitarcanglobal.com\/wp-content\/uploads\/2026\/03\/er-scaled_2026-1024x768.webp 1024w, https:\/\/aslitarcanglobal.com\/wp-content\/uploads\/2026\/03\/er-scaled_2026-300x225.webp 300w, https:\/\/aslitarcanglobal.com\/wp-content\/uploads\/2026\/03\/er-scaled_2026-768x576.webp 768w, https:\/\/aslitarcanglobal.com\/wp-content\/uploads\/2026\/03\/er-scaled_2026-1536x1152.webp 1536w, https:\/\/aslitarcanglobal.com\/wp-content\/uploads\/2026\/03\/er-scaled_2026-2048x1536.webp 2048w\" sizes=\"auto, (max-width: 1024px) 100vw, 1024px\" title=\"\"><\/a>\n\t\t\t<\/dt><\/dl><dl class='gallery-item'>\n\t\t\t<dt class='gallery-icon landscape'>\n\t\t\t\t<a href='https:\/\/aslitarcanglobal.com\/wp-content\/uploads\/2026\/03\/1234-scaled_2026.webp'><img loading=\"lazy\" decoding=\"async\" width=\"1024\" height=\"768\" src=\"https:\/\/aslitarcanglobal.com\/wp-content\/uploads\/2026\/03\/1234-scaled_2026-1024x768.webp\" class=\"attachment-large size-large\" alt=\"\" srcset=\"https:\/\/aslitarcanglobal.com\/wp-content\/uploads\/2026\/03\/1234-scaled_2026-1024x768.webp 1024w, https:\/\/aslitarcanglobal.com\/wp-content\/uploads\/2026\/03\/1234-scaled_2026-300x225.webp 300w, https:\/\/aslitarcanglobal.com\/wp-content\/uploads\/2026\/03\/1234-scaled_2026-768x576.webp 768w, https:\/\/aslitarcanglobal.com\/wp-content\/uploads\/2026\/03\/1234-scaled_2026-1536x1152.webp 1536w, https:\/\/aslitarcanglobal.com\/wp-content\/uploads\/2026\/03\/1234-scaled_2026-2048x1536.webp 2048w\" sizes=\"auto, (max-width: 1024px) 100vw, 1024px\" title=\"\"><\/a>\n\t\t\t<\/dt><\/dl><dl class='gallery-item'>\n\t\t\t<dt class='gallery-icon landscape'>\n\t\t\t\t<a href='https:\/\/aslitarcanglobal.com\/wp-content\/uploads\/2026\/03\/IMG_7925-scaled_2026.webp'><img loading=\"lazy\" decoding=\"async\" width=\"1024\" height=\"768\" src=\"https:\/\/aslitarcanglobal.com\/wp-content\/uploads\/2026\/03\/IMG_7925-scaled_2026-1024x768.webp\" class=\"attachment-large size-large\" alt=\"\" srcset=\"https:\/\/aslitarcanglobal.com\/wp-content\/uploads\/2026\/03\/IMG_7925-scaled_2026-1024x768.webp 1024w, https:\/\/aslitarcanglobal.com\/wp-content\/uploads\/2026\/03\/IMG_7925-scaled_2026-300x225.webp 300w, https:\/\/aslitarcanglobal.com\/wp-content\/uploads\/2026\/03\/IMG_7925-scaled_2026-768x576.webp 768w, https:\/\/aslitarcanglobal.com\/wp-content\/uploads\/2026\/03\/IMG_7925-scaled_2026-1536x1152.webp 1536w, https:\/\/aslitarcanglobal.com\/wp-content\/uploads\/2026\/03\/IMG_7925-scaled_2026-2048x1536.webp 2048w\" sizes=\"auto, (max-width: 1024px) 100vw, 1024px\" title=\"\"><\/a>\n\t\t\t<\/dt><\/dl><br style=\"clear: both\" \/><dl class='gallery-item'>\n\t\t\t<dt class='gallery-icon landscape'>\n\t\t\t\t<a href='https:\/\/aslitarcanglobal.com\/wp-content\/uploads\/2026\/03\/qwer-scaled_2026.webp'><img loading=\"lazy\" decoding=\"async\" width=\"1024\" height=\"768\" src=\"https:\/\/aslitarcanglobal.com\/wp-content\/uploads\/2026\/03\/qwer-scaled_2026-1024x768.webp\" class=\"attachment-large size-large\" alt=\"\" srcset=\"https:\/\/aslitarcanglobal.com\/wp-content\/uploads\/2026\/03\/qwer-scaled_2026-1024x768.webp 1024w, https:\/\/aslitarcanglobal.com\/wp-content\/uploads\/2026\/03\/qwer-scaled_2026-300x225.webp 300w, https:\/\/aslitarcanglobal.com\/wp-content\/uploads\/2026\/03\/qwer-scaled_2026-768x576.webp 768w, https:\/\/aslitarcanglobal.com\/wp-content\/uploads\/2026\/03\/qwer-scaled_2026-1536x1152.webp 1536w, https:\/\/aslitarcanglobal.com\/wp-content\/uploads\/2026\/03\/qwer-scaled_2026-2048x1536.webp 2048w\" sizes=\"auto, (max-width: 1024px) 100vw, 1024px\" title=\"\"><\/a>\n\t\t\t<\/dt><\/dl><dl class='gallery-item'>\n\t\t\t<dt class='gallery-icon landscape'>\n\t\t\t\t<a href='https:\/\/aslitarcanglobal.com\/wp-content\/uploads\/2026\/03\/sdfsdf-scaled_2026.webp'><img loading=\"lazy\" decoding=\"async\" width=\"1024\" height=\"768\" src=\"https:\/\/aslitarcanglobal.com\/wp-content\/uploads\/2026\/03\/sdfsdf-scaled_2026-1024x768.webp\" class=\"attachment-large size-large\" alt=\"\" srcset=\"https:\/\/aslitarcanglobal.com\/wp-content\/uploads\/2026\/03\/sdfsdf-scaled_2026-1024x768.webp 1024w, https:\/\/aslitarcanglobal.com\/wp-content\/uploads\/2026\/03\/sdfsdf-scaled_2026-300x225.webp 300w, https:\/\/aslitarcanglobal.com\/wp-content\/uploads\/2026\/03\/sdfsdf-scaled_2026-768x576.webp 768w, https:\/\/aslitarcanglobal.com\/wp-content\/uploads\/2026\/03\/sdfsdf-scaled_2026-1536x1152.webp 1536w, https:\/\/aslitarcanglobal.com\/wp-content\/uploads\/2026\/03\/sdfsdf-scaled_2026-2048x1536.webp 2048w\" sizes=\"auto, (max-width: 1024px) 100vw, 1024px\" title=\"\"><\/a>\n\t\t\t<\/dt><\/dl><dl class='gallery-item'>\n\t\t\t<dt class='gallery-icon landscape'>\n\t\t\t\t<a href='https:\/\/aslitarcanglobal.com\/wp-content\/uploads\/2026\/03\/dfgdfg-scaled_2026.webp'><img loading=\"lazy\" decoding=\"async\" width=\"1024\" height=\"768\" src=\"https:\/\/aslitarcanglobal.com\/wp-content\/uploads\/2026\/03\/dfgdfg-scaled_2026-1024x768.webp\" class=\"attachment-large size-large\" alt=\"\" srcset=\"https:\/\/aslitarcanglobal.com\/wp-content\/uploads\/2026\/03\/dfgdfg-scaled_2026-1024x768.webp 1024w, https:\/\/aslitarcanglobal.com\/wp-content\/uploads\/2026\/03\/dfgdfg-scaled_2026-300x225.webp 300w, https:\/\/aslitarcanglobal.com\/wp-content\/uploads\/2026\/03\/dfgdfg-scaled_2026-768x576.webp 768w, https:\/\/aslitarcanglobal.com\/wp-content\/uploads\/2026\/03\/dfgdfg-scaled_2026-1536x1152.webp 1536w, https:\/\/aslitarcanglobal.com\/wp-content\/uploads\/2026\/03\/dfgdfg-scaled_2026-2048x1536.webp 2048w\" sizes=\"auto, (max-width: 1024px) 100vw, 1024px\" title=\"\"><\/a>\n\t\t\t<\/dt><\/dl><br style=\"clear: both\" \/><dl class='gallery-item'>\n\t\t\t<dt class='gallery-icon landscape'>\n\t\t\t\t<a href='https:\/\/aslitarcanglobal.com\/wp-content\/uploads\/2026\/03\/lkj-scaled_2026.webp'><img loading=\"lazy\" decoding=\"async\" width=\"1024\" height=\"768\" src=\"https:\/\/aslitarcanglobal.com\/wp-content\/uploads\/2026\/03\/lkj-scaled_2026-1024x768.webp\" class=\"attachment-large size-large\" alt=\"\" srcset=\"https:\/\/aslitarcanglobal.com\/wp-content\/uploads\/2026\/03\/lkj-scaled_2026-1024x768.webp 1024w, https:\/\/aslitarcanglobal.com\/wp-content\/uploads\/2026\/03\/lkj-scaled_2026-300x225.webp 300w, https:\/\/aslitarcanglobal.com\/wp-content\/uploads\/2026\/03\/lkj-scaled_2026-768x576.webp 768w, https:\/\/aslitarcanglobal.com\/wp-content\/uploads\/2026\/03\/lkj-scaled_2026-1536x1152.webp 1536w, https:\/\/aslitarcanglobal.com\/wp-content\/uploads\/2026\/03\/lkj-scaled_2026-2048x1536.webp 2048w\" sizes=\"auto, (max-width: 1024px) 100vw, 1024px\" title=\"\"><\/a>\n\t\t\t<\/dt><\/dl><dl class='gallery-item'>\n\t\t\t<dt class='gallery-icon landscape'>\n\t\t\t\t<a href='https:\/\/aslitarcanglobal.com\/wp-content\/uploads\/2026\/03\/12-scaled_2026.webp'><img loading=\"lazy\" decoding=\"async\" width=\"1024\" height=\"768\" src=\"https:\/\/aslitarcanglobal.com\/wp-content\/uploads\/2026\/03\/12-scaled_2026-1024x768.webp\" class=\"attachment-large size-large\" alt=\"\" srcset=\"https:\/\/aslitarcanglobal.com\/wp-content\/uploads\/2026\/03\/12-scaled_2026-1024x768.webp 1024w, https:\/\/aslitarcanglobal.com\/wp-content\/uploads\/2026\/03\/12-scaled_2026-300x225.webp 300w, https:\/\/aslitarcanglobal.com\/wp-content\/uploads\/2026\/03\/12-scaled_2026-768x576.webp 768w, https:\/\/aslitarcanglobal.com\/wp-content\/uploads\/2026\/03\/12-scaled_2026-1536x1152.webp 1536w, https:\/\/aslitarcanglobal.com\/wp-content\/uploads\/2026\/03\/12-scaled_2026-2048x1536.webp 2048w\" sizes=\"auto, (max-width: 1024px) 100vw, 1024px\" title=\"\"><\/a>\n\t\t\t<\/dt><\/dl><dl class='gallery-item'>\n\t\t\t<dt class='gallery-icon landscape'>\n\t\t\t\t<a href='https:\/\/aslitarcanglobal.com\/wp-content\/uploads\/2026\/03\/123-scaled_2026.webp'><img loading=\"lazy\" decoding=\"async\" width=\"1024\" height=\"768\" src=\"https:\/\/aslitarcanglobal.com\/wp-content\/uploads\/2026\/03\/123-scaled_2026-1024x768.webp\" class=\"attachment-large size-large\" alt=\"\" srcset=\"https:\/\/aslitarcanglobal.com\/wp-content\/uploads\/2026\/03\/123-scaled_2026-1024x768.webp 1024w, https:\/\/aslitarcanglobal.com\/wp-content\/uploads\/2026\/03\/123-scaled_2026-300x225.webp 300w, https:\/\/aslitarcanglobal.com\/wp-content\/uploads\/2026\/03\/123-scaled_2026-768x576.webp 768w, https:\/\/aslitarcanglobal.com\/wp-content\/uploads\/2026\/03\/123-scaled_2026-1536x1152.webp 1536w, https:\/\/aslitarcanglobal.com\/wp-content\/uploads\/2026\/03\/123-scaled_2026-2048x1536.webp 2048w\" sizes=\"auto, (max-width: 1024px) 100vw, 1024px\" title=\"\"><\/a>\n\t\t\t<\/dt><\/dl><br style=\"clear: both\" \/>\n\t\t<\/div>\n\n<p>La marque Asl\u0131 Tarcan, choisie par de nombreux pays, notamment les \u00c9tats-Unis d\u2019Am\u00e9rique et les pays europ\u00e9ens, est fi\u00e8re de vous accompagner vers le meilleur service. Nous vous mettons \u00e9galement en relation avec les technologies les plus r\u00e9centes dans des domaines tels que la chirurgie esth\u00e9tique et plastique, la m\u00e9decine esth\u00e9tique, la greffe de cheveux et l\u2019esth\u00e9tique dentaire.<\/p>\n<p>Services Que Nous Proposons : Intervention, H\u00e9bergement Dans Des H\u00f4tels 5 \u00c9toiles, Transferts A\u00e9roport-H\u00f4tel-Centre De Contr\u00f4le.<\/p>\n<h2>Pourquoi Asli Tarcan ?<\/h2>\n<p>ASLI TARCAN HEALTH TOURISM SERVICES, qui organise les s\u00e9jours de patients internationaux venant du monde entier, principalement d\u2019Am\u00e9rique vers la Turquie, est une soci\u00e9t\u00e9 de tourisme de sant\u00e9 bas\u00e9e \u00e0 Istanbul, membre de la TURSAB (Association des agences de voyage turques) et accr\u00e9dit\u00e9e par le minist\u00e8re de la Sant\u00e9 (AK-0086).<\/p>\n<div class=\"lyte-wrapper\" style=\"width:853px;max-width:100%;margin:5px;\"><div class=\"lyMe hidef\" id=\"WYL_Jfk2G1fKqdo\"><div id=\"lyte_Jfk2G1fKqdo\" data-src=\"https:\/\/aslitarcanglobal.com\/wp-content\/plugins\/wp-youtube-lyte\/lyteCache.php?origThumbUrl=%2F%2Fi.ytimg.com%2Fvi%2FJfk2G1fKqdo%2Fmaxresdefault.jpg\" class=\"pL\"><div class=\"tC\"><div class=\"tT\"><\/div><\/div><div class=\"play\"><\/div><div class=\"ctrl\"><div class=\"Lctrl\"><\/div><div class=\"Rctrl\"><\/div><\/div><\/div><noscript><a href=\"https:\/\/youtu.be\/Jfk2G1fKqdo\" rel=\"nofollow noopener\" target=\"_blank\"><img loading=\"lazy\" decoding=\"async\" src=\"https:\/\/aslitarcanglobal.com\/wp-content\/plugins\/wp-youtube-lyte\/lyteCache.php?origThumbUrl=https%3A%2F%2Fi.ytimg.com%2Fvi%2FJfk2G1fKqdo%2F0.jpg\" alt=\"YouTube video thumbnail\" width=\"853\" height=\"460\" title=\"\"><br \/>Lire cette vid\u00e9o sur YouTube<\/a><\/noscript><\/div><\/div><div class=\"lL\" style=\"max-width:100%;width:853px;margin:5px;\"><\/div><\/p>\n","protected":false},"excerpt":{"rendered":"<p>La marque Asl\u0131 Tarcan, choisie par de nombreux pays, notamment les \u00c9tats-Unis d\u2019Am\u00e9rique et les pays europ\u00e9ens, est fi\u00e8re de vous accompagner vers le meilleur service. Nous vous mettons \u00e9galement en relation avec les technologies les plus r\u00e9centes dans des domaines tels que la chirurgie esth\u00e9tique et plastique, la m\u00e9decine esth\u00e9tique, la greffe de cheveux [&hellip;]<\/p>\n","protected":false},"author":1,"featured_media":0,"parent":0,"menu_order":0,"comment_status":"closed","ping_status":"closed","template":"","meta":{"footnotes":""},"class_list":["post-3674","page","type-page","status-publish","hentry"],"_links":{"self":[{"href":"https:\/\/aslitarcanglobal.com\/fr\/wp-json\/wp\/v2\/pages\/3674","targetHints":{"allow":["GET"]}}],"collection":[{"href":"https:\/\/aslitarcanglobal.com\/fr\/wp-json\/wp\/v2\/pages"}],"about":[{"href":"https:\/\/aslitarcanglobal.com\/fr\/wp-json\/wp\/v2\/types\/page"}],"author":[{"embeddable":true,"href":"https:\/\/aslitarcanglobal.com\/fr\/wp-json\/wp\/v2\/users\/1"}],"replies":[{"embeddable":true,"href":"https:\/\/aslitarcanglobal.com\/fr\/wp-json\/wp\/v2\/comments?post=3674"}],"version-history":[{"count":3,"href":"https:\/\/aslitarcanglobal.com\/fr\/wp-json\/wp\/v2\/pages\/3674\/revisions"}],"predecessor-version":[{"id":3694,"href":"https:\/\/aslitarcanglobal.com\/fr\/wp-json\/wp\/v2\/pages\/3674\/revisions\/3694"}],"wp:attachment":[{"href":"https:\/\/aslitarcanglobal.com\/fr\/wp-json\/wp\/v2\/media?parent=3674"}],"curies":[{"name":"wp","href":"https:\/\/api.w.org\/{rel}","templated":true}]}}