{"id":4509,"date":"2026-04-17T15:13:40","date_gmt":"2026-04-17T12:13:40","guid":{"rendered":"https:\/\/aslitarcanglobal.com\/%d1%87%d0%b5%d1%81%d1%82%d0%be-%d0%b7%d0%b0%d0%b4%d0%b0%d0%b2%d0%b0%d0%bd%d0%b8-%d0%b2%d1%8a%d0%bf%d1%80%d0%be%d1%81%d0%b8\/"},"modified":"2026-04-17T17:13:09","modified_gmt":"2026-04-17T14:13:09","slug":"foire-aux-questions","status":"publish","type":"page","link":"https:\/\/aslitarcanglobal.com\/fr\/foire-aux-questions\/","title":{"rendered":"Foire aux questions"},"content":{"rendered":"<div id=\"rank-math-faq\" class=\"rank-math-block\">\n<div class=\"rank-math-list \">\n<div id=\"faq-question-1776428349094\" class=\"rank-math-list-item\">\n<h3 class=\"rank-math-question \">Quelles sont les interventions pratiqu\u00e9es dans cette clinique\u00a0?<\/h3>\n<div class=\"rank-math-answer \">\n\n<p>Chez Asl\u0131 Tarcan Global, la greffe de cheveux, l\u2019esth\u00e9tique dentaire, la chirurgie esth\u00e9tique et les proc\u00e9dures de m\u00e9decine esth\u00e9tique sont pratiqu\u00e9es. La clinique propose \u00e9galement la greffe de sourcils et de barbe, le PRP, la m\u00e9soth\u00e9rapie, le design du sourire, les facettes, le LASIK et diverses proc\u00e9dures d\u2019esth\u00e9tique corporelle.<\/p>\n\n<\/div>\n<\/div>\n<div id=\"faq-question-1776428360213\" class=\"rank-math-list-item\">\n<h3 class=\"rank-math-question \">Les greffes de cheveux, la chirurgie esth\u00e9tique et la m\u00e9decine esth\u00e9tique sont-elles pratiqu\u00e9es dans le m\u00eame centre\u00a0?<\/h3>\n<div class=\"rank-math-answer \">\n\n<p>Oui, chez Asl\u0131 Tarcan Global, la greffe de cheveux, la chirurgie esth\u00e9tique et les proc\u00e9dures de m\u00e9decine esth\u00e9tique sont propos\u00e9es au sein d\u2019une seule et m\u00eame structure.<\/p>\n\n<\/div>\n<\/div>\n<div id=\"faq-question-1776428421904\" class=\"rank-math-list-item\">\n<h3 class=\"rank-math-question \">Comment \u00e9labore-t-on un plan de traitement personnalis\u00e9\u00a0?<\/h3>\n<div class=\"rank-math-answer \">\n\n<p>Le plan de traitement personnalis\u00e9 est \u00e9tabli apr\u00e8s une premi\u00e8re \u00e9valuation, au cours de laquelle les besoins, les objectifs et l\u2019\u00e9tat actuel sont analys\u00e9s ensemble. Dans ce processus, une consultation est d\u2019abord r\u00e9alis\u00e9e et les options de traitement appropri\u00e9es sont d\u00e9termin\u00e9es. Ensuite, l\u2019\u00e9tat actuel de la personne, le besoin d\u2019intervention et ses attentes sont \u00e9valu\u00e9s en d\u00e9tail.<\/p>\n\n<\/div>\n<\/div>\n<div id=\"faq-question-1776428457721\" class=\"rank-math-list-item\">\n<h3 class=\"rank-math-question \">Qui r\u00e9alisera l&rsquo;intervention ?<\/h3>\n<div class=\"rank-math-answer \">\n\n<p>La proc\u00e9dure est r\u00e9alis\u00e9e par l\u2019\u00e9quipe de sp\u00e9cialistes d\u2019Asl\u0131 Tarcan Global. Le d\u00e9roulement de l\u2019intervention est propos\u00e9 comme une application planifi\u00e9e, men\u00e9e par l\u2019\u00e9quipe d\u2019experts au sein du centre.<\/p>\n\n<\/div>\n<\/div>\n<div id=\"faq-question-1776428496263\" class=\"rank-math-list-item\">\n<h3 class=\"rank-math-question \">Comment fonctionne le processus d&rsquo;hygi\u00e8ne et de st\u00e9rilisation ?<\/h3>\n<div class=\"rank-math-answer \">\n\n<p>Le processus d\u2019hygi\u00e8ne et de st\u00e9rilisation se d\u00e9roule gr\u00e2ce \u00e0 la pr\u00e9paration r\u00e9guli\u00e8re des zones d\u2019intervention, au maintien du mat\u00e9riel st\u00e9rile et \u00e0 l\u2019application de normes cliniques s\u00fbres.<\/p>\n\n<\/div>\n<\/div>\n<div id=\"faq-question-1776428552270\" class=\"rank-math-list-item\">\n<h3 class=\"rank-math-question \">Une anesth\u00e9sie g\u00e9n\u00e9rale ou locale est-elle utilis\u00e9e ?<\/h3>\n<div class=\"rank-math-answer \">\n\n<p>Lors des proc\u00e9dures de greffe capillaire comme la FUE et la DHI, la zone d\u2019intervention est anesth\u00e9si\u00e9e afin d\u2019assurer le confort. C\u2019est pourquoi, dans la greffe de cheveux, on privil\u00e9gie g\u00e9n\u00e9ralement l\u2019anesth\u00e9sie locale plut\u00f4t que l\u2019anesth\u00e9sie g\u00e9n\u00e9rale.<\/p>\n\n<\/div>\n<\/div>\n<div id=\"faq-question-1776428605924\" class=\"rank-math-list-item\">\n<h3 class=\"rank-math-question \">O\u00f9 es-tu situ\u00e9?<\/h3>\n<div class=\"rank-math-answer \">\n\n<p>L&rsquo;adresse d&rsquo;Asl\u0131 Tarcan Global est Maltepe, Eski Londra Asfalt\u0131 Caddesi, Kale Avrupa Konutlar\u0131 No: 32, 34010 Zeytinburnu\/Istanbul.<\/p>\n\n<\/div>\n<\/div>\n<\/div>\n<\/div>","protected":false},"excerpt":{"rendered":"","protected":false},"author":1,"featured_media":0,"parent":0,"menu_order":0,"comment_status":"closed","ping_status":"closed","template":"","meta":{"footnotes":""},"class_list":["post-4509","page","type-page","status-publish","hentry"],"_links":{"self":[{"href":"https:\/\/aslitarcanglobal.com\/fr\/wp-json\/wp\/v2\/pages\/4509","targetHints":{"allow":["GET"]}}],"collection":[{"href":"https:\/\/aslitarcanglobal.com\/fr\/wp-json\/wp\/v2\/pages"}],"about":[{"href":"https:\/\/aslitarcanglobal.com\/fr\/wp-json\/wp\/v2\/types\/page"}],"author":[{"embeddable":true,"href":"https:\/\/aslitarcanglobal.com\/fr\/wp-json\/wp\/v2\/users\/1"}],"replies":[{"embeddable":true,"href":"https:\/\/aslitarcanglobal.com\/fr\/wp-json\/wp\/v2\/comments?post=4509"}],"version-history":[{"count":1,"href":"https:\/\/aslitarcanglobal.com\/fr\/wp-json\/wp\/v2\/pages\/4509\/revisions"}],"predecessor-version":[{"id":4519,"href":"https:\/\/aslitarcanglobal.com\/fr\/wp-json\/wp\/v2\/pages\/4509\/revisions\/4519"}],"wp:attachment":[{"href":"https:\/\/aslitarcanglobal.com\/fr\/wp-json\/wp\/v2\/media?parent=4509"}],"curies":[{"name":"wp","href":"https:\/\/api.w.org\/{rel}","templated":true}]}}