{"id":4511,"date":"2026-04-17T15:13:40","date_gmt":"2026-04-17T12:13:40","guid":{"rendered":"https:\/\/aslitarcanglobal.com\/%d1%87%d0%b5%d1%81%d1%82%d0%be-%d0%b7%d0%b0%d0%b4%d0%b0%d0%b2%d0%b0%d0%bd%d0%b8-%d0%b2%d1%8a%d0%bf%d1%80%d0%be%d1%81%d0%b8\/"},"modified":"2026-04-17T17:08:14","modified_gmt":"2026-04-17T14:08:14","slug":"pertanyaan-yang-sering-diajukan","status":"publish","type":"page","link":"https:\/\/aslitarcanglobal.com\/id\/pertanyaan-yang-sering-diajukan\/","title":{"rendered":"Pertanyaan yang Sering Diajukan"},"content":{"rendered":"<div id=\"rank-math-faq\" class=\"rank-math-block\">\n<div class=\"rank-math-list \">\n<div id=\"faq-question-1776428349094\" class=\"rank-math-list-item\">\n<h3 class=\"rank-math-question \">Prosedur apa saja yang dilakukan di klinik ini?<\/h3>\n<div class=\"rank-math-answer \">\n\n<p>Di Asl\u0131 Tarcan Global, dilakukan transplantasi rambut, estetika gigi, bedah estetika, dan prosedur estetika medis. Klinik ini juga menawarkan transplantasi alis dan janggut, PRP, mesoterapi, desain senyum, veneer, LASIK, serta berbagai prosedur estetika tubuh.<\/p>\n\n<\/div>\n<\/div>\n<div id=\"faq-question-1776428360213\" class=\"rank-math-list-item\">\n<h3 class=\"rank-math-question \">Apakah Transplantasi Rambut, Bedah Estetika, dan Estetika Medis Dilakukan di Pusat yang Sama?<\/h3>\n<div class=\"rank-math-answer \">\n\n<p>Ya, di Asl\u0131 Tarcan Global, transplantasi rambut, bedah estetika, dan prosedur estetika medis ditawarkan dalam satu struktur pusat yang sama.<\/p>\n\n<\/div>\n<\/div>\n<div id=\"faq-question-1776428421904\" class=\"rank-math-list-item\">\n<h3 class=\"rank-math-question \">Bagaimana rencana perawatan yang dipersonalisasi dibuat?<\/h3>\n<div class=\"rank-math-answer \">\n\n<p>Rencana perawatan yang dipersonalisasi disusun setelah evaluasi awal, dengan menganalisis kebutuhan, tujuan, dan kondisi saat ini secara bersama-sama. Dalam proses ini, konsultasi dilakukan terlebih dahulu dan pilihan perawatan yang sesuai ditentukan. Setelah itu, kondisi terkini pasien, kebutuhan akan prosedur, dan harapannya dievaluasi secara rinci.<\/p>\n\n<\/div>\n<\/div>\n<div id=\"faq-question-1776428457721\" class=\"rank-math-list-item\">\n<h3 class=\"rank-math-question \">Siapa yang akan melakukan prosedur tersebut?<\/h3>\n<div class=\"rank-math-answer \">\n\n<p>Prosedur dilakukan oleh tim spesialis Asl\u0131 Tarcan Global. Proses prosedur ini ditawarkan sebagai tindakan terencana yang dijalankan oleh tim ahli di dalam pusat tersebut.<\/p>\n\n<\/div>\n<\/div>\n<div id=\"faq-question-1776428496263\" class=\"rank-math-list-item\">\n<h3 class=\"rank-math-question \">Bagaimana proses kebersihan dan sterilisasi bekerja?<\/h3>\n<div class=\"rank-math-answer \">\n\n<p>Proses higienitas dan sterilisasi berlangsung melalui persiapan rutin area prosedur, menjaga peralatan tetap steril, dan menerapkan standar klinis yang aman.<\/p>\n\n<\/div>\n<\/div>\n<div id=\"faq-question-1776428552270\" class=\"rank-math-list-item\">\n<h3 class=\"rank-math-question \">Apakah anestesi umum atau anestesi lokal yang digunakan?<\/h3>\n<div class=\"rank-math-answer \">\n\n<p>Pada prosedur transplantasi rambut seperti FUE dan DHI, area tindakan dibuat mati rasa untuk memberikan kenyamanan. Karena itu, dalam transplantasi rambut biasanya anestesi lokal lebih sering dipilih daripada anestesi umum.<\/p>\n\n<\/div>\n<\/div>\n<div id=\"faq-question-1776428605924\" class=\"rank-math-list-item\">\n<h3 class=\"rank-math-question \">Di mana lokasi Anda?<\/h3>\n<div class=\"rank-math-answer \">\n\n<p>Alamat Asl\u0131 Tarcan Global adalah Maltepe, Eski Londra Asfalt\u0131 Caddesi, Kale Avrupa Konutlar\u0131 No: 32, 34010 Zeytinburnu\/\u0130stanbul.<\/p>\n\n<\/div>\n<\/div>\n<\/div>\n<\/div>","protected":false},"excerpt":{"rendered":"","protected":false},"author":1,"featured_media":0,"parent":0,"menu_order":0,"comment_status":"closed","ping_status":"closed","template":"","meta":{"footnotes":""},"class_list":["post-4511","page","type-page","status-publish","hentry"],"_links":{"self":[{"href":"https:\/\/aslitarcanglobal.com\/id\/wp-json\/wp\/v2\/pages\/4511","targetHints":{"allow":["GET"]}}],"collection":[{"href":"https:\/\/aslitarcanglobal.com\/id\/wp-json\/wp\/v2\/pages"}],"about":[{"href":"https:\/\/aslitarcanglobal.com\/id\/wp-json\/wp\/v2\/types\/page"}],"author":[{"embeddable":true,"href":"https:\/\/aslitarcanglobal.com\/id\/wp-json\/wp\/v2\/users\/1"}],"replies":[{"embeddable":true,"href":"https:\/\/aslitarcanglobal.com\/id\/wp-json\/wp\/v2\/comments?post=4511"}],"version-history":[{"count":1,"href":"https:\/\/aslitarcanglobal.com\/id\/wp-json\/wp\/v2\/pages\/4511\/revisions"}],"predecessor-version":[{"id":4517,"href":"https:\/\/aslitarcanglobal.com\/id\/wp-json\/wp\/v2\/pages\/4511\/revisions\/4517"}],"wp:attachment":[{"href":"https:\/\/aslitarcanglobal.com\/id\/wp-json\/wp\/v2\/media?parent=4511"}],"curies":[{"name":"wp","href":"https:\/\/api.w.org\/{rel}","templated":true}]}}