{"id":1353,"date":"2025-02-03T10:17:01","date_gmt":"2025-02-03T07:17:01","guid":{"rendered":"https:\/\/aslitarcanglobal.com\/hakkimizda\/"},"modified":"2026-03-26T11:33:05","modified_gmt":"2026-03-26T08:33:05","slug":"hakkimizda","status":"publish","type":"page","link":"https:\/\/aslitarcanglobal.com\/tr\/hakkimizda\/","title":{"rendered":"Hakk\u0131m\u0131zda"},"content":{"rendered":"\n\t\t<style type=\"text\/css\">\n\t\t\t#gallery-1 {\n\t\t\t\tmargin: auto;\n\t\t\t}\n\t\t\t#gallery-1 .gallery-item {\n\t\t\t\tfloat: left;\n\t\t\t\tmargin-top: 10px;\n\t\t\t\ttext-align: center;\n\t\t\t\twidth: 33%;\n\t\t\t}\n\t\t\t#gallery-1 img {\n\t\t\t\tborder: 2px solid #cfcfcf;\n\t\t\t}\n\t\t\t#gallery-1 .gallery-caption {\n\t\t\t\tmargin-left: 0;\n\t\t\t}\n\t\t\t\/* see gallery_shortcode() in wp-includes\/media.php *\/\n\t\t<\/style>\n\t\t<div id='gallery-1' class='gallery galleryid-1353 gallery-columns-3 gallery-size-large'><dl class='gallery-item'>\n\t\t\t<dt class='gallery-icon landscape'>\n\t\t\t\t<a href='https:\/\/aslitarcanglobal.com\/wp-content\/uploads\/2026\/03\/sdfsdf-scaled_2026-2.webp'><img loading=\"lazy\" decoding=\"async\" width=\"1024\" height=\"768\" src=\"https:\/\/aslitarcanglobal.com\/wp-content\/uploads\/2026\/03\/sdfsdf-scaled_2026-2-1024x768.webp\" class=\"attachment-large size-large\" alt=\"\" srcset=\"https:\/\/aslitarcanglobal.com\/wp-content\/uploads\/2026\/03\/sdfsdf-scaled_2026-2-1024x768.webp 1024w, https:\/\/aslitarcanglobal.com\/wp-content\/uploads\/2026\/03\/sdfsdf-scaled_2026-2-300x225.webp 300w, https:\/\/aslitarcanglobal.com\/wp-content\/uploads\/2026\/03\/sdfsdf-scaled_2026-2-768x576.webp 768w, https:\/\/aslitarcanglobal.com\/wp-content\/uploads\/2026\/03\/sdfsdf-scaled_2026-2-1536x1152.webp 1536w, https:\/\/aslitarcanglobal.com\/wp-content\/uploads\/2026\/03\/sdfsdf-scaled_2026-2-2048x1536.webp 2048w\" sizes=\"auto, (max-width: 1024px) 100vw, 1024px\" title=\"\"><\/a>\n\t\t\t<\/dt><\/dl><dl class='gallery-item'>\n\t\t\t<dt class='gallery-icon landscape'>\n\t\t\t\t<a href='https:\/\/aslitarcanglobal.com\/wp-content\/uploads\/2026\/03\/dfgdfg-scaled_2026-2.webp'><img loading=\"lazy\" decoding=\"async\" width=\"1024\" height=\"768\" src=\"https:\/\/aslitarcanglobal.com\/wp-content\/uploads\/2026\/03\/dfgdfg-scaled_2026-2-1024x768.webp\" class=\"attachment-large size-large\" alt=\"\" srcset=\"https:\/\/aslitarcanglobal.com\/wp-content\/uploads\/2026\/03\/dfgdfg-scaled_2026-2-1024x768.webp 1024w, https:\/\/aslitarcanglobal.com\/wp-content\/uploads\/2026\/03\/dfgdfg-scaled_2026-2-300x225.webp 300w, https:\/\/aslitarcanglobal.com\/wp-content\/uploads\/2026\/03\/dfgdfg-scaled_2026-2-768x576.webp 768w, https:\/\/aslitarcanglobal.com\/wp-content\/uploads\/2026\/03\/dfgdfg-scaled_2026-2-1536x1152.webp 1536w, https:\/\/aslitarcanglobal.com\/wp-content\/uploads\/2026\/03\/dfgdfg-scaled_2026-2-2048x1536.webp 2048w\" sizes=\"auto, (max-width: 1024px) 100vw, 1024px\" title=\"\"><\/a>\n\t\t\t<\/dt><\/dl><dl class='gallery-item'>\n\t\t\t<dt class='gallery-icon landscape'>\n\t\t\t\t<a href='https:\/\/aslitarcanglobal.com\/wp-content\/uploads\/2026\/03\/er-scaled_2026-2.webp'><img loading=\"lazy\" decoding=\"async\" width=\"1024\" height=\"768\" src=\"https:\/\/aslitarcanglobal.com\/wp-content\/uploads\/2026\/03\/er-scaled_2026-2-1024x768.webp\" class=\"attachment-large size-large\" alt=\"\" srcset=\"https:\/\/aslitarcanglobal.com\/wp-content\/uploads\/2026\/03\/er-scaled_2026-2-1024x768.webp 1024w, https:\/\/aslitarcanglobal.com\/wp-content\/uploads\/2026\/03\/er-scaled_2026-2-300x225.webp 300w, https:\/\/aslitarcanglobal.com\/wp-content\/uploads\/2026\/03\/er-scaled_2026-2-768x576.webp 768w, https:\/\/aslitarcanglobal.com\/wp-content\/uploads\/2026\/03\/er-scaled_2026-2-1536x1152.webp 1536w, https:\/\/aslitarcanglobal.com\/wp-content\/uploads\/2026\/03\/er-scaled_2026-2-2048x1536.webp 2048w\" sizes=\"auto, (max-width: 1024px) 100vw, 1024px\" title=\"\"><\/a>\n\t\t\t<\/dt><\/dl><br style=\"clear: both\" \/><dl class='gallery-item'>\n\t\t\t<dt class='gallery-icon landscape'>\n\t\t\t\t<a href='https:\/\/aslitarcanglobal.com\/wp-content\/uploads\/2026\/03\/IMG_7925-scaled_2026-2.webp'><img loading=\"lazy\" decoding=\"async\" width=\"1024\" height=\"768\" src=\"https:\/\/aslitarcanglobal.com\/wp-content\/uploads\/2026\/03\/IMG_7925-scaled_2026-2-1024x768.webp\" class=\"attachment-large size-large\" alt=\"\" srcset=\"https:\/\/aslitarcanglobal.com\/wp-content\/uploads\/2026\/03\/IMG_7925-scaled_2026-2-1024x768.webp 1024w, https:\/\/aslitarcanglobal.com\/wp-content\/uploads\/2026\/03\/IMG_7925-scaled_2026-2-300x225.webp 300w, https:\/\/aslitarcanglobal.com\/wp-content\/uploads\/2026\/03\/IMG_7925-scaled_2026-2-768x576.webp 768w, https:\/\/aslitarcanglobal.com\/wp-content\/uploads\/2026\/03\/IMG_7925-scaled_2026-2-1536x1152.webp 1536w, https:\/\/aslitarcanglobal.com\/wp-content\/uploads\/2026\/03\/IMG_7925-scaled_2026-2-2048x1536.webp 2048w\" sizes=\"auto, (max-width: 1024px) 100vw, 1024px\" title=\"\"><\/a>\n\t\t\t<\/dt><\/dl><dl class='gallery-item'>\n\t\t\t<dt class='gallery-icon landscape'>\n\t\t\t\t<a href='https:\/\/aslitarcanglobal.com\/wp-content\/uploads\/2026\/03\/lkj-scaled_2026-2.webp'><img loading=\"lazy\" decoding=\"async\" width=\"1024\" height=\"768\" src=\"https:\/\/aslitarcanglobal.com\/wp-content\/uploads\/2026\/03\/lkj-scaled_2026-2-1024x768.webp\" class=\"attachment-large size-large\" alt=\"\" srcset=\"https:\/\/aslitarcanglobal.com\/wp-content\/uploads\/2026\/03\/lkj-scaled_2026-2-1024x768.webp 1024w, https:\/\/aslitarcanglobal.com\/wp-content\/uploads\/2026\/03\/lkj-scaled_2026-2-300x225.webp 300w, https:\/\/aslitarcanglobal.com\/wp-content\/uploads\/2026\/03\/lkj-scaled_2026-2-768x576.webp 768w, https:\/\/aslitarcanglobal.com\/wp-content\/uploads\/2026\/03\/lkj-scaled_2026-2-1536x1152.webp 1536w, https:\/\/aslitarcanglobal.com\/wp-content\/uploads\/2026\/03\/lkj-scaled_2026-2-2048x1536.webp 2048w\" sizes=\"auto, (max-width: 1024px) 100vw, 1024px\" title=\"\"><\/a>\n\t\t\t<\/dt><\/dl><dl class='gallery-item'>\n\t\t\t<dt class='gallery-icon landscape'>\n\t\t\t\t<a href='https:\/\/aslitarcanglobal.com\/wp-content\/uploads\/2026\/03\/qwer-scaled_2026-2.webp'><img loading=\"lazy\" decoding=\"async\" width=\"1024\" height=\"768\" src=\"https:\/\/aslitarcanglobal.com\/wp-content\/uploads\/2026\/03\/qwer-scaled_2026-2-1024x768.webp\" class=\"attachment-large size-large\" alt=\"\" srcset=\"https:\/\/aslitarcanglobal.com\/wp-content\/uploads\/2026\/03\/qwer-scaled_2026-2-1024x768.webp 1024w, https:\/\/aslitarcanglobal.com\/wp-content\/uploads\/2026\/03\/qwer-scaled_2026-2-300x225.webp 300w, https:\/\/aslitarcanglobal.com\/wp-content\/uploads\/2026\/03\/qwer-scaled_2026-2-768x576.webp 768w, https:\/\/aslitarcanglobal.com\/wp-content\/uploads\/2026\/03\/qwer-scaled_2026-2-1536x1152.webp 1536w, https:\/\/aslitarcanglobal.com\/wp-content\/uploads\/2026\/03\/qwer-scaled_2026-2-2048x1536.webp 2048w\" sizes=\"auto, (max-width: 1024px) 100vw, 1024px\" title=\"\"><\/a>\n\t\t\t<\/dt><\/dl><br style=\"clear: both\" \/><dl class='gallery-item'>\n\t\t\t<dt class='gallery-icon landscape'>\n\t\t\t\t<a href='https:\/\/aslitarcanglobal.com\/wp-content\/uploads\/2026\/03\/12-scaled_2026-2.webp'><img loading=\"lazy\" decoding=\"async\" width=\"1024\" height=\"768\" src=\"https:\/\/aslitarcanglobal.com\/wp-content\/uploads\/2026\/03\/12-scaled_2026-2-1024x768.webp\" class=\"attachment-large size-large\" alt=\"\" srcset=\"https:\/\/aslitarcanglobal.com\/wp-content\/uploads\/2026\/03\/12-scaled_2026-2-1024x768.webp 1024w, https:\/\/aslitarcanglobal.com\/wp-content\/uploads\/2026\/03\/12-scaled_2026-2-300x225.webp 300w, https:\/\/aslitarcanglobal.com\/wp-content\/uploads\/2026\/03\/12-scaled_2026-2-768x576.webp 768w, https:\/\/aslitarcanglobal.com\/wp-content\/uploads\/2026\/03\/12-scaled_2026-2-1536x1152.webp 1536w, https:\/\/aslitarcanglobal.com\/wp-content\/uploads\/2026\/03\/12-scaled_2026-2-2048x1536.webp 2048w\" sizes=\"auto, (max-width: 1024px) 100vw, 1024px\" title=\"\"><\/a>\n\t\t\t<\/dt><\/dl><dl class='gallery-item'>\n\t\t\t<dt class='gallery-icon landscape'>\n\t\t\t\t<a href='https:\/\/aslitarcanglobal.com\/wp-content\/uploads\/2026\/03\/123-scaled_2026-2.webp'><img loading=\"lazy\" decoding=\"async\" width=\"1024\" height=\"768\" src=\"https:\/\/aslitarcanglobal.com\/wp-content\/uploads\/2026\/03\/123-scaled_2026-2-1024x768.webp\" class=\"attachment-large size-large\" alt=\"\" srcset=\"https:\/\/aslitarcanglobal.com\/wp-content\/uploads\/2026\/03\/123-scaled_2026-2-1024x768.webp 1024w, https:\/\/aslitarcanglobal.com\/wp-content\/uploads\/2026\/03\/123-scaled_2026-2-300x225.webp 300w, https:\/\/aslitarcanglobal.com\/wp-content\/uploads\/2026\/03\/123-scaled_2026-2-768x576.webp 768w, https:\/\/aslitarcanglobal.com\/wp-content\/uploads\/2026\/03\/123-scaled_2026-2-1536x1152.webp 1536w, https:\/\/aslitarcanglobal.com\/wp-content\/uploads\/2026\/03\/123-scaled_2026-2-2048x1536.webp 2048w\" sizes=\"auto, (max-width: 1024px) 100vw, 1024px\" title=\"\"><\/a>\n\t\t\t<\/dt><\/dl><dl class='gallery-item'>\n\t\t\t<dt class='gallery-icon landscape'>\n\t\t\t\t<a href='https:\/\/aslitarcanglobal.com\/wp-content\/uploads\/2026\/03\/1234-scaled_2026-2.webp'><img loading=\"lazy\" decoding=\"async\" width=\"1024\" height=\"768\" src=\"https:\/\/aslitarcanglobal.com\/wp-content\/uploads\/2026\/03\/1234-scaled_2026-2-1024x768.webp\" class=\"attachment-large size-large\" alt=\"\" srcset=\"https:\/\/aslitarcanglobal.com\/wp-content\/uploads\/2026\/03\/1234-scaled_2026-2-1024x768.webp 1024w, https:\/\/aslitarcanglobal.com\/wp-content\/uploads\/2026\/03\/1234-scaled_2026-2-300x225.webp 300w, https:\/\/aslitarcanglobal.com\/wp-content\/uploads\/2026\/03\/1234-scaled_2026-2-768x576.webp 768w, https:\/\/aslitarcanglobal.com\/wp-content\/uploads\/2026\/03\/1234-scaled_2026-2-1536x1152.webp 1536w, https:\/\/aslitarcanglobal.com\/wp-content\/uploads\/2026\/03\/1234-scaled_2026-2-2048x1536.webp 2048w\" sizes=\"auto, (max-width: 1024px) 100vw, 1024px\" title=\"\"><\/a>\n\t\t\t<\/dt><\/dl><br style=\"clear: both\" \/>\n\t\t<\/div>\n\n<p>Amerika Birle\u015fik Devletleri ve Avrupa \u00fclkeleri ba\u015fta olmak \u00fczere bir\u00e7ok \u00fclkenin tercih etti\u011fi Asl\u0131 Tarcan markas\u0131, sizlerin en iyi hizmetle bulu\u015fman\u0131za arac\u0131l\u0131k etmekten gurur duyar. Ayr\u0131ca estetik ve plastik cerrahi, medikal estetik, sa\u00e7 ekimi, di\u015f esteti\u011fi gibi alanlarda sizi teknolojinin en son \u00fcr\u00fcnleriyle bulu\u015fturuyoruz.<\/p>\n<p>Sundu\u011fumuz Hizmetler: Operasyon, 5 Y\u0131ld\u0131zl\u0131 Otellerde Konaklama, Havaalan\u0131-Otel-Muayenehane Transferleri.<\/p>\n<h2><span class=\"font-weight-300\">Neden<\/span>\u00a0Asli Tarcan?<\/h2>\n<div class=\"bauer-text clearfix \">\n<p>D\u00fcnyan\u0131n d\u00f6rt bir \u00a0yan\u0131ndan \u00e7o\u011funlukla Amerikadan T\u00fcrkiye\u2019ye uluslararas\u0131 hasta organizasyonu ger\u00e7ekle\u015ftiren\u00a0<strong>ASLI TARCAN SA\u011eLIK TUR\u0130ZM H\u0130ZMETLER\u0130<\/strong>,\u00a0<strong>TURSAB<\/strong>\u2018a\u00a0<strong><em>(T\u00fcrkiye Seyahat Acentalar\u0131 Birli\u011fi)<\/em><\/strong>\u00a0\u00fcyeli\u011fi mevcut ve Sa\u011fl\u0131k Bakanl\u0131\u011f\u0131 Akreditasyonuna (AK-0086) sahip \u0130stanbul merkezli bir sa\u011fl\u0131k turizmi \u015firketidir.<\/p>\n<div class=\"lyte-wrapper\" style=\"width:853px;max-width:100%;margin:5px;\"><div class=\"lyMe hidef\" id=\"WYL_Jfk2G1fKqdo\"><div id=\"lyte_Jfk2G1fKqdo\" data-src=\"https:\/\/aslitarcanglobal.com\/wp-content\/plugins\/wp-youtube-lyte\/lyteCache.php?origThumbUrl=%2F%2Fi.ytimg.com%2Fvi%2FJfk2G1fKqdo%2Fmaxresdefault.jpg\" class=\"pL\"><div class=\"tC\"><div class=\"tT\"><\/div><\/div><div class=\"play\"><\/div><div class=\"ctrl\"><div class=\"Lctrl\"><\/div><div class=\"Rctrl\"><\/div><\/div><\/div><noscript><a href=\"https:\/\/youtu.be\/Jfk2G1fKqdo\" rel=\"nofollow noopener\" target=\"_blank\"><img loading=\"lazy\" decoding=\"async\" src=\"https:\/\/aslitarcanglobal.com\/wp-content\/plugins\/wp-youtube-lyte\/lyteCache.php?origThumbUrl=https%3A%2F%2Fi.ytimg.com%2Fvi%2FJfk2G1fKqdo%2F0.jpg\" alt=\"YouTube video thumbnail\" width=\"853\" height=\"460\" title=\"\"><br \/>Watch this video on YouTube<\/a><\/noscript><\/div><\/div><div class=\"lL\" style=\"max-width:100%;width:853px;margin:5px;\"><\/div><\/p>\n<\/div>\n","protected":false},"excerpt":{"rendered":"<p>Amerika Birle\u015fik Devletleri ve Avrupa \u00fclkeleri ba\u015fta olmak \u00fczere bir\u00e7ok \u00fclkenin tercih etti\u011fi Asl\u0131 Tarcan markas\u0131, sizlerin en iyi hizmetle bulu\u015fman\u0131za arac\u0131l\u0131k etmekten gurur duyar. Ayr\u0131ca estetik ve plastik cerrahi, medikal estetik, sa\u00e7 ekimi, di\u015f esteti\u011fi gibi alanlarda sizi teknolojinin en son \u00fcr\u00fcnleriyle bulu\u015fturuyoruz. Sundu\u011fumuz Hizmetler: Operasyon, 5 Y\u0131ld\u0131zl\u0131 Otellerde Konaklama, Havaalan\u0131-Otel-Muayenehane Transferleri. Neden\u00a0Asli Tarcan? [&hellip;]<\/p>\n","protected":false},"author":1,"featured_media":0,"parent":0,"menu_order":0,"comment_status":"closed","ping_status":"closed","template":"","meta":{"footnotes":""},"class_list":["post-1353","page","type-page","status-publish","hentry"],"_links":{"self":[{"href":"https:\/\/aslitarcanglobal.com\/tr\/wp-json\/wp\/v2\/pages\/1353","targetHints":{"allow":["GET"]}}],"collection":[{"href":"https:\/\/aslitarcanglobal.com\/tr\/wp-json\/wp\/v2\/pages"}],"about":[{"href":"https:\/\/aslitarcanglobal.com\/tr\/wp-json\/wp\/v2\/types\/page"}],"author":[{"embeddable":true,"href":"https:\/\/aslitarcanglobal.com\/tr\/wp-json\/wp\/v2\/users\/1"}],"replies":[{"embeddable":true,"href":"https:\/\/aslitarcanglobal.com\/tr\/wp-json\/wp\/v2\/comments?post=1353"}],"version-history":[{"count":2,"href":"https:\/\/aslitarcanglobal.com\/tr\/wp-json\/wp\/v2\/pages\/1353\/revisions"}],"predecessor-version":[{"id":3586,"href":"https:\/\/aslitarcanglobal.com\/tr\/wp-json\/wp\/v2\/pages\/1353\/revisions\/3586"}],"wp:attachment":[{"href":"https:\/\/aslitarcanglobal.com\/tr\/wp-json\/wp\/v2\/media?parent=1353"}],"curies":[{"name":"wp","href":"https:\/\/api.w.org\/{rel}","templated":true}]}}