{"id":4499,"date":"2026-04-17T15:13:40","date_gmt":"2026-04-17T12:13:40","guid":{"rendered":"https:\/\/aslitarcanglobal.com\/?page_id=4499"},"modified":"2026-04-17T16:50:21","modified_gmt":"2026-04-17T13:50:21","slug":"sik-sorulan-sorular","status":"publish","type":"page","link":"https:\/\/aslitarcanglobal.com\/tr\/sik-sorulan-sorular\/","title":{"rendered":"S\u0131k Sorulan Sorular"},"content":{"rendered":"<div id=\"rank-math-faq\" class=\"rank-math-block\">\n<div class=\"rank-math-list \">\n<div id=\"faq-question-1776428349094\" class=\"rank-math-list-item\">\n<h3 class=\"rank-math-question \">Bu Klinikte Hangi \u0130\u015flemler Yap\u0131l\u0131yor?<\/h3>\n<div class=\"rank-math-answer \">\n\n<p>Asl\u0131 Tarcan Global\u2019de sa\u00e7 ekimi, di\u015f esteti\u011fi, estetik cerrahi ve medikal estetik i\u015flemleri yap\u0131l\u0131yor. Klinik ayr\u0131ca ka\u015f ve sakal ekimi, PRP, mezoterapi, g\u00fcl\u00fc\u015f tasar\u0131m\u0131, veneer, LASIK ve \u00e7e\u015fitli v\u00fccut esteti\u011fi i\u015flemlerine de yer veriyor.<\/p>\n\n<\/div>\n<\/div>\n<div id=\"faq-question-1776428360213\" class=\"rank-math-list-item\">\n<h3 class=\"rank-math-question \">Sa\u00e7 Ekimi, Estetik Cerrahi ve Medikal Estetik Ayn\u0131 Merkezde mi Uygulan\u0131yor?<\/h3>\n<div class=\"rank-math-answer \">\n\n<p>Evet, Asl\u0131 Tarcan Global\u2019de sa\u00e7 ekimi, estetik cerrahi ve medikal estetik i\u015flemleri ayn\u0131 merkez yap\u0131s\u0131 i\u00e7inde sunuluyor.<\/p>\n\n<\/div>\n<\/div>\n<div id=\"faq-question-1776428421904\" class=\"rank-math-list-item\">\n<h3 class=\"rank-math-question \">Ki\u015fiye \u00d6zel Tedavi Plan\u0131 Nas\u0131l Olu\u015fturuluyor?<\/h3>\n<div class=\"rank-math-answer \">\n\n<p>Ki\u015fiye \u00f6zel tedavi plan\u0131, ilk de\u011ferlendirme sonras\u0131 ihtiya\u00e7lar, hedefler ve mevcut durum birlikte analiz edilerek olu\u015fturulur. Bu s\u00fcre\u00e7te \u00f6nce dan\u0131\u015fmanl\u0131k yap\u0131l\u0131r ve uygun tedavi se\u00e7enekleri belirlenir. Ard\u0131ndan ki\u015finin mevcut durumu, i\u015flem ihtiyac\u0131 ve beklentileri detayl\u0131 \u015fekilde de\u011ferlendirilir.<\/p>\n\n<\/div>\n<\/div>\n<div id=\"faq-question-1776428457721\" class=\"rank-math-list-item\">\n<h3 class=\"rank-math-question \">\u0130\u015flemi Kim Yapacak?<\/h3>\n<div class=\"rank-math-answer \">\n\n<p>\u0130\u015flem, Asl\u0131 Tarcan Global\u2019in uzman ekibi taraf\u0131ndan uygulan\u0131r. \u0130\u015flem s\u00fcreci, merkez b\u00fcnyesindeki uzman kadro taraf\u0131ndan y\u00fcr\u00fct\u00fclen planl\u0131 bir uygulama olarak sunuluyor.<\/p>\n\n<\/div>\n<\/div>\n<div id=\"faq-question-1776428496263\" class=\"rank-math-list-item\">\n<h3 class=\"rank-math-question \">Hijyen ve Sterilizasyon S\u00fcreci Nas\u0131l \u0130\u015fliyor?<\/h3>\n<div class=\"rank-math-answer \">\n\n<p>Hijyen ve sterilizasyon s\u00fcreci, i\u015flem alanlar\u0131n\u0131n d\u00fczenli haz\u0131rlanmas\u0131, ekipmanlar\u0131n steril tutulmas\u0131 ve g\u00fcvenli klinik standartlar\u0131n uygulanmas\u0131yla i\u015fler.<\/p>\n\n<\/div>\n<\/div>\n<div id=\"faq-question-1776428552270\" class=\"rank-math-list-item\">\n<h3 class=\"rank-math-question \">Genel Anestezi mi Lokal Anestezi mi Uygulan\u0131yor?<\/h3>\n<div class=\"rank-math-answer \">\n\n<p>FUE ve DHI gibi sa\u00e7 ekimi i\u015flemlerinde i\u015flem b\u00f6lgesi uyu\u015fturularak konfor hedeflenir. Bu nedenle sa\u00e7 ekiminde genel anestezi de\u011fil, \u00e7o\u011funlukla lokal anestezi tercih edilir.<\/p>\n\n<\/div>\n<\/div>\n<div id=\"faq-question-1776428605924\" class=\"rank-math-list-item\">\n<h3 class=\"rank-math-question \">Yeriniz Nerede?<\/h3>\n<div class=\"rank-math-answer \">\n\n<p>Asl\u0131 Tarcan Global\u2019in adresi Maltepe, Eski Londra Asfalt\u0131 Caddesi, Kale Avrupa Konutlar\u0131 No: 32, 34010 Zeytinburnu\/\u0130stanbul&#8217;dur.<\/p>\n\n<\/div>\n<\/div>\n<\/div>\n<\/div>","protected":false},"excerpt":{"rendered":"","protected":false},"author":1,"featured_media":0,"parent":0,"menu_order":0,"comment_status":"closed","ping_status":"closed","template":"","meta":{"footnotes":""},"class_list":["post-4499","page","type-page","status-publish","hentry"],"_links":{"self":[{"href":"https:\/\/aslitarcanglobal.com\/tr\/wp-json\/wp\/v2\/pages\/4499","targetHints":{"allow":["GET"]}}],"collection":[{"href":"https:\/\/aslitarcanglobal.com\/tr\/wp-json\/wp\/v2\/pages"}],"about":[{"href":"https:\/\/aslitarcanglobal.com\/tr\/wp-json\/wp\/v2\/types\/page"}],"author":[{"embeddable":true,"href":"https:\/\/aslitarcanglobal.com\/tr\/wp-json\/wp\/v2\/users\/1"}],"replies":[{"embeddable":true,"href":"https:\/\/aslitarcanglobal.com\/tr\/wp-json\/wp\/v2\/comments?post=4499"}],"version-history":[{"count":2,"href":"https:\/\/aslitarcanglobal.com\/tr\/wp-json\/wp\/v2\/pages\/4499\/revisions"}],"predecessor-version":[{"id":4502,"href":"https:\/\/aslitarcanglobal.com\/tr\/wp-json\/wp\/v2\/pages\/4499\/revisions\/4502"}],"wp:attachment":[{"href":"https:\/\/aslitarcanglobal.com\/tr\/wp-json\/wp\/v2\/media?parent=4499"}],"curies":[{"name":"wp","href":"https:\/\/api.w.org\/{rel}","templated":true}]}}